{"id":31625,"date":"2023-06-06T15:06:01","date_gmt":"2023-06-06T15:06:01","guid":{"rendered":"https:\/\/adrianschvarzstein.com\/contact\/"},"modified":"2023-09-04T14:27:42","modified_gmt":"2023-09-04T14:27:42","slug":"contact","status":"publish","type":"page","link":"https:\/\/adrianschvarzstein.com\/fr\/contact\/","title":{"rendered":"Contact"},"content":{"rendered":"\t\t<div data-elementor-type=\"wp-post\" data-elementor-id=\"31625\" class=\"elementor elementor-31625 elementor-29401\">\n\t\t\t\t\t\t<section class=\"elementor-section elementor-top-section elementor-element elementor-element-66c7983 elementor-section-full_width elementor-section-height-min-height elementor-section-items-stretch elementor-section-height-default neuron-fixed-no\" data-id=\"66c7983\" data-element_type=\"section\" data-e-type=\"section\">\n\t\t\t\t\t\t<div class=\"elementor-container elementor-column-gap-no\">\n\t\t\t\t\t<div class=\"elementor-column elementor-col-50 elementor-top-column elementor-element elementor-element-e64bfc3\" data-id=\"e64bfc3\" data-element_type=\"column\" data-e-type=\"column\" data-settings=\"{&quot;background_background&quot;:&quot;classic&quot;}\">\n\t\t\t<div class=\"elementor-widget-wrap elementor-element-populated\">\n\t\t\t\t\t<div class=\"elementor-background-overlay\"><\/div>\n\t\t\t\t\t\t<div class=\"elementor-element elementor-element-81c77a6 elementor-widget elementor-widget-spacer\" data-id=\"81c77a6\" data-element_type=\"widget\" data-e-type=\"widget\" data-widget_type=\"spacer.default\">\n\t\t\t\t<div class=\"elementor-widget-container\">\n\t\t\t\t\t\t\t<div class=\"elementor-spacer\">\n\t\t\t<div class=\"elementor-spacer-inner\"><\/div>\n\t\t<\/div>\n\t\t\t\t\t\t<\/div>\n\t\t\t\t<\/div>\n\t\t\t\t\t<\/div>\n\t\t<\/div>\n\t\t\t\t<div class=\"elementor-column elementor-col-50 elementor-top-column elementor-element elementor-element-306ee07\" data-id=\"306ee07\" data-element_type=\"column\" data-e-type=\"column\">\n\t\t\t<div class=\"elementor-widget-wrap elementor-element-populated\">\n\t\t\t\t\t\t<section class=\"elementor-section elementor-inner-section elementor-element elementor-element-3485ebb elementor-section-boxed elementor-section-height-default elementor-section-height-default neuron-fixed-no\" data-id=\"3485ebb\" data-element_type=\"section\" data-e-type=\"section\">\n\t\t\t\t\t\t<div class=\"elementor-container elementor-column-gap-default\">\n\t\t\t\t\t<div class=\"elementor-column elementor-col-100 elementor-inner-column elementor-element elementor-element-fbb3aeb\" data-id=\"fbb3aeb\" data-element_type=\"column\" data-e-type=\"column\">\n\t\t\t<div class=\"elementor-widget-wrap elementor-element-populated\">\n\t\t\t\t\t\t<div class=\"elementor-element elementor-element-6e63bc1 elementor-widget elementor-widget-heading\" data-id=\"6e63bc1\" data-element_type=\"widget\" data-e-type=\"widget\" data-widget_type=\"heading.default\">\n\t\t\t\t<div class=\"elementor-widget-container\">\n\t\t\t\t\t<h1 class=\"elementor-heading-title elementor-size-default\">Contact<\/h1>\t\t\t\t<\/div>\n\t\t\t\t<\/div>\n\t\t\t\t<div class=\"elementor-element elementor-element-a0c56c0 elementor-widget elementor-widget-text-editor\" data-id=\"a0c56c0\" data-element_type=\"widget\" data-e-type=\"widget\" data-widget_type=\"text-editor.default\">\n\t\t\t\t<div class=\"elementor-widget-container\">\n\t\t\t\t\t\t\t\t\t<p>Je serai heureux de recevoir des propositions, des demandes de renseignements et des commentaires.<\/p>\n\t\t\t\t\t\t\t\t<\/div>\n\t\t\t\t<\/div>\n\t\t\t\t<div class=\"elementor-element elementor-element-0f6c9de elementor-widget elementor-widget-text-editor\" data-id=\"0f6c9de\" data-element_type=\"widget\" data-e-type=\"widget\" data-widget_type=\"text-editor.default\">\n\t\t\t\t<div class=\"elementor-widget-container\">\n\t\t\t\t\t\t\t\t\tEmail: adrianschvarzstein@gmail.com <br>\nMobile: +34 649738493\t\t\t\t\t\t\t\t<\/div>\n\t\t\t\t<\/div>\n\t\t\t\t<div class=\"elementor-element elementor-element-0d42325 e-grid-align-left elementor-shape-rounded elementor-grid-0 elementor-widget elementor-widget-social-icons\" data-id=\"0d42325\" data-element_type=\"widget\" data-e-type=\"widget\" data-widget_type=\"social-icons.default\">\n\t\t\t\t<div class=\"elementor-widget-container\">\n\t\t\t\t\t\t\t<div class=\"elementor-social-icons-wrapper elementor-grid\">\n\t\t\t\t\t\t\t<span class=\"elementor-grid-item\">\n\t\t\t\t\t<a class=\"elementor-icon elementor-social-icon elementor-social-icon-facebook elementor-repeater-item-6ef5337\" href=\"https:\/\/www.facebook.com\/adrian.schvarzstein.5\" target=\"_blank\">\n\t\t\t\t\t\t<span class=\"elementor-screen-only\">Facebook<\/span>\n\t\t\t\t\t\t<i aria-hidden=\"true\" class=\"fab fa-facebook\"><\/i>\t\t\t\t\t<\/a>\n\t\t\t\t<\/span>\n\t\t\t\t\t<\/div>\n\t\t\t\t\t\t<\/div>\n\t\t\t\t<\/div>\n\t\t\t\t\t<\/div>\n\t\t<\/div>\n\t\t\t\t\t<\/div>\n\t\t<\/section>\n\t\t\t\t\t<\/div>\n\t\t<\/div>\n\t\t\t\t\t<\/div>\n\t\t<\/section>\n\t\t\t\t<\/div>\n\t\t","protected":false},"excerpt":{"rendered":"<p>Contact Je serai heureux de recevoir des propositions, des demandes de renseignements et des commentaires. Email: adrianschvarzstein@gmail.com Mobile:&#8230;<\/p>\n","protected":false},"author":1,"featured_media":0,"parent":0,"menu_order":60,"comment_status":"closed","ping_status":"closed","template":"","meta":{"_acf_changed":false,"footnotes":""},"class_list":["post-31625","page","type-page","status-publish","hentry"],"acf":[],"yoast_head":"<!-- This site is optimized with the Yoast SEO plugin v27.4 - https:\/\/yoast.com\/product\/yoast-seo-wordpress\/ -->\n<title>Adrian Schvarzstein - Contact<\/title>\n<meta name=\"robots\" content=\"index, follow, max-snippet:-1, max-image-preview:large, max-video-preview:-1\" \/>\n<link rel=\"canonical\" href=\"https:\/\/adrianschvarzstein.com\/fr\/contact\/\" \/>\n<meta property=\"og:locale\" content=\"fr_FR\" \/>\n<meta property=\"og:type\" content=\"article\" \/>\n<meta property=\"og:title\" content=\"Adrian Schvarzstein - Contact\" \/>\n<meta property=\"og:description\" content=\"Contact Je serai heureux de recevoir des propositions, des demandes de renseignements et des commentaires. Email: adrianschvarzstein@gmail.com Mobile:...\" \/>\n<meta property=\"og:url\" content=\"https:\/\/adrianschvarzstein.com\/fr\/contact\/\" \/>\n<meta property=\"og:site_name\" content=\"Adrian Schvarzstein\" \/>\n<meta property=\"article:modified_time\" content=\"2023-09-04T14:27:42+00:00\" \/>\n<meta property=\"og:image\" content=\"https:\/\/adrianschvarzstein.com\/wp-content\/uploads\/2023\/09\/adrianschvarzstein-seoimage.jpg\" \/>\n\t<meta property=\"og:image:width\" content=\"1191\" \/>\n\t<meta property=\"og:image:height\" content=\"628\" \/>\n\t<meta property=\"og:image:type\" content=\"image\/jpeg\" \/>\n<meta name=\"twitter:card\" content=\"summary_large_image\" \/>\n<script type=\"application\/ld+json\" class=\"yoast-schema-graph\">{\"@context\":\"https:\\\/\\\/schema.org\",\"@graph\":[{\"@type\":\"WebPage\",\"@id\":\"https:\\\/\\\/adrianschvarzstein.com\\\/fr\\\/contact\\\/\",\"url\":\"https:\\\/\\\/adrianschvarzstein.com\\\/fr\\\/contact\\\/\",\"name\":\"Adrian Schvarzstein - Contact\",\"isPartOf\":{\"@id\":\"https:\\\/\\\/adrianschvarzstein.com\\\/#website\"},\"datePublished\":\"2023-06-06T15:06:01+00:00\",\"dateModified\":\"2023-09-04T14:27:42+00:00\",\"breadcrumb\":{\"@id\":\"https:\\\/\\\/adrianschvarzstein.com\\\/fr\\\/contact\\\/#breadcrumb\"},\"inLanguage\":\"fr-FR\",\"potentialAction\":[{\"@type\":\"ReadAction\",\"target\":[\"https:\\\/\\\/adrianschvarzstein.com\\\/fr\\\/contact\\\/\"]}]},{\"@type\":\"BreadcrumbList\",\"@id\":\"https:\\\/\\\/adrianschvarzstein.com\\\/fr\\\/contact\\\/#breadcrumb\",\"itemListElement\":[{\"@type\":\"ListItem\",\"position\":1,\"name\":\"Home\",\"item\":\"https:\\\/\\\/adrianschvarzstein.com\\\/fr\\\/\"},{\"@type\":\"ListItem\",\"position\":2,\"name\":\"Contact\"}]},{\"@type\":\"WebSite\",\"@id\":\"https:\\\/\\\/adrianschvarzstein.com\\\/#website\",\"url\":\"https:\\\/\\\/adrianschvarzstein.com\\\/\",\"name\":\"Adrian Schvarzstein\",\"description\":\"Adrian Schvarzstein est un artiste de spectacle tr\u00e8s \u00e9nergique ! Il joue et chante \u00e9galement dans des op\u00e9ras et des compagnies de musique baroque.\",\"publisher\":{\"@id\":\"https:\\\/\\\/adrianschvarzstein.com\\\/#organization\"},\"potentialAction\":[{\"@type\":\"SearchAction\",\"target\":{\"@type\":\"EntryPoint\",\"urlTemplate\":\"https:\\\/\\\/adrianschvarzstein.com\\\/?s={search_term_string}\"},\"query-input\":{\"@type\":\"PropertyValueSpecification\",\"valueRequired\":true,\"valueName\":\"search_term_string\"}}],\"inLanguage\":\"fr-FR\"},{\"@type\":\"Organization\",\"@id\":\"https:\\\/\\\/adrianschvarzstein.com\\\/#organization\",\"name\":\"Adrian Schvarzstein\",\"url\":\"https:\\\/\\\/adrianschvarzstein.com\\\/\",\"logo\":{\"@type\":\"ImageObject\",\"inLanguage\":\"fr-FR\",\"@id\":\"https:\\\/\\\/adrianschvarzstein.com\\\/#\\\/schema\\\/logo\\\/image\\\/\",\"url\":\"https:\\\/\\\/adrianschvarzstein.com\\\/wp-content\\\/uploads\\\/2023\\\/09\\\/adrianschvarzstein-seoimage.jpg\",\"contentUrl\":\"https:\\\/\\\/adrianschvarzstein.com\\\/wp-content\\\/uploads\\\/2023\\\/09\\\/adrianschvarzstein-seoimage.jpg\",\"width\":1191,\"height\":628,\"caption\":\"Adrian Schvarzstein\"},\"image\":{\"@id\":\"https:\\\/\\\/adrianschvarzstein.com\\\/#\\\/schema\\\/logo\\\/image\\\/\"}}]}<\/script>\n<!-- \/ Yoast SEO plugin. -->","yoast_head_json":{"title":"Adrian Schvarzstein - Contact","robots":{"index":"index","follow":"follow","max-snippet":"max-snippet:-1","max-image-preview":"max-image-preview:large","max-video-preview":"max-video-preview:-1"},"canonical":"https:\/\/adrianschvarzstein.com\/fr\/contact\/","og_locale":"fr_FR","og_type":"article","og_title":"Adrian Schvarzstein - Contact","og_description":"Contact Je serai heureux de recevoir des propositions, des demandes de renseignements et des commentaires. Email: adrianschvarzstein@gmail.com Mobile:...","og_url":"https:\/\/adrianschvarzstein.com\/fr\/contact\/","og_site_name":"Adrian Schvarzstein","article_modified_time":"2023-09-04T14:27:42+00:00","og_image":[{"width":1191,"height":628,"url":"https:\/\/adrianschvarzstein.com\/wp-content\/uploads\/2023\/09\/adrianschvarzstein-seoimage.jpg","type":"image\/jpeg"}],"twitter_card":"summary_large_image","schema":{"@context":"https:\/\/schema.org","@graph":[{"@type":"WebPage","@id":"https:\/\/adrianschvarzstein.com\/fr\/contact\/","url":"https:\/\/adrianschvarzstein.com\/fr\/contact\/","name":"Adrian Schvarzstein - Contact","isPartOf":{"@id":"https:\/\/adrianschvarzstein.com\/#website"},"datePublished":"2023-06-06T15:06:01+00:00","dateModified":"2023-09-04T14:27:42+00:00","breadcrumb":{"@id":"https:\/\/adrianschvarzstein.com\/fr\/contact\/#breadcrumb"},"inLanguage":"fr-FR","potentialAction":[{"@type":"ReadAction","target":["https:\/\/adrianschvarzstein.com\/fr\/contact\/"]}]},{"@type":"BreadcrumbList","@id":"https:\/\/adrianschvarzstein.com\/fr\/contact\/#breadcrumb","itemListElement":[{"@type":"ListItem","position":1,"name":"Home","item":"https:\/\/adrianschvarzstein.com\/fr\/"},{"@type":"ListItem","position":2,"name":"Contact"}]},{"@type":"WebSite","@id":"https:\/\/adrianschvarzstein.com\/#website","url":"https:\/\/adrianschvarzstein.com\/","name":"Adrian Schvarzstein","description":"Adrian Schvarzstein est un artiste de spectacle tr\u00e8s \u00e9nergique ! Il joue et chante \u00e9galement dans des op\u00e9ras et des compagnies de musique baroque.","publisher":{"@id":"https:\/\/adrianschvarzstein.com\/#organization"},"potentialAction":[{"@type":"SearchAction","target":{"@type":"EntryPoint","urlTemplate":"https:\/\/adrianschvarzstein.com\/?s={search_term_string}"},"query-input":{"@type":"PropertyValueSpecification","valueRequired":true,"valueName":"search_term_string"}}],"inLanguage":"fr-FR"},{"@type":"Organization","@id":"https:\/\/adrianschvarzstein.com\/#organization","name":"Adrian Schvarzstein","url":"https:\/\/adrianschvarzstein.com\/","logo":{"@type":"ImageObject","inLanguage":"fr-FR","@id":"https:\/\/adrianschvarzstein.com\/#\/schema\/logo\/image\/","url":"https:\/\/adrianschvarzstein.com\/wp-content\/uploads\/2023\/09\/adrianschvarzstein-seoimage.jpg","contentUrl":"https:\/\/adrianschvarzstein.com\/wp-content\/uploads\/2023\/09\/adrianschvarzstein-seoimage.jpg","width":1191,"height":628,"caption":"Adrian Schvarzstein"},"image":{"@id":"https:\/\/adrianschvarzstein.com\/#\/schema\/logo\/image\/"}}]}},"_links":{"self":[{"href":"https:\/\/adrianschvarzstein.com\/fr\/wp-json\/wp\/v2\/pages\/31625","targetHints":{"allow":["GET"]}}],"collection":[{"href":"https:\/\/adrianschvarzstein.com\/fr\/wp-json\/wp\/v2\/pages"}],"about":[{"href":"https:\/\/adrianschvarzstein.com\/fr\/wp-json\/wp\/v2\/types\/page"}],"author":[{"embeddable":true,"href":"https:\/\/adrianschvarzstein.com\/fr\/wp-json\/wp\/v2\/users\/1"}],"replies":[{"embeddable":true,"href":"https:\/\/adrianschvarzstein.com\/fr\/wp-json\/wp\/v2\/comments?post=31625"}],"version-history":[{"count":0,"href":"https:\/\/adrianschvarzstein.com\/fr\/wp-json\/wp\/v2\/pages\/31625\/revisions"}],"wp:attachment":[{"href":"https:\/\/adrianschvarzstein.com\/fr\/wp-json\/wp\/v2\/media?parent=31625"}],"curies":[{"name":"wp","href":"https:\/\/api.w.org\/{rel}","templated":true}]}}