{"id":31604,"date":"2023-07-24T13:19:07","date_gmt":"2023-07-24T13:19:07","guid":{"rendered":"https:\/\/adrianschvarzstein.com\/calendar\/"},"modified":"2023-09-04T14:28:35","modified_gmt":"2023-09-04T14:28:35","slug":"lagenda","status":"publish","type":"page","link":"https:\/\/adrianschvarzstein.com\/fr\/lagenda\/","title":{"rendered":"L&rsquo;agenda"},"content":{"rendered":"\t\t<div data-elementor-type=\"wp-post\" data-elementor-id=\"31604\" class=\"elementor elementor-31604 elementor-30101\">\n\t\t\t\t\t\t<section class=\"elementor-section elementor-top-section elementor-element elementor-element-66c7983 elementor-section-full_width elementor-section-height-min-height elementor-section-items-stretch elementor-section-height-default neuron-fixed-no\" data-id=\"66c7983\" data-element_type=\"section\" data-e-type=\"section\">\n\t\t\t\t\t\t<div class=\"elementor-container elementor-column-gap-no\">\n\t\t\t\t\t<div class=\"elementor-column elementor-col-50 elementor-top-column elementor-element elementor-element-e64bfc3\" data-id=\"e64bfc3\" data-element_type=\"column\" data-e-type=\"column\" data-settings=\"{&quot;background_background&quot;:&quot;classic&quot;}\">\n\t\t\t<div class=\"elementor-widget-wrap elementor-element-populated\">\n\t\t\t\t\t<div class=\"elementor-background-overlay\"><\/div>\n\t\t\t\t\t\t<div class=\"elementor-element elementor-element-81c77a6 elementor-widget__width-initial elementor-widget elementor-widget-spacer\" data-id=\"81c77a6\" data-element_type=\"widget\" data-e-type=\"widget\" data-widget_type=\"spacer.default\">\n\t\t\t\t<div class=\"elementor-widget-container\">\n\t\t\t\t\t\t\t<div class=\"elementor-spacer\">\n\t\t\t<div class=\"elementor-spacer-inner\"><\/div>\n\t\t<\/div>\n\t\t\t\t\t\t<\/div>\n\t\t\t\t<\/div>\n\t\t\t\t\t<\/div>\n\t\t<\/div>\n\t\t\t\t<div class=\"elementor-column elementor-col-50 elementor-top-column elementor-element elementor-element-306ee07\" data-id=\"306ee07\" data-element_type=\"column\" data-e-type=\"column\">\n\t\t\t<div class=\"elementor-widget-wrap elementor-element-populated\">\n\t\t\t\t\t\t<div class=\"elementor-element elementor-element-826aa3b elementor-widget elementor-widget-shortcode\" data-id=\"826aa3b\" data-element_type=\"widget\" data-e-type=\"widget\" data-widget_type=\"shortcode.default\">\n\t\t\t\t<div class=\"elementor-widget-container\">\n\t\t\t\t\t\t\t<div class=\"elementor-shortcode\"><iframe src=\"https:\/\/calendar.google.com\/calendar\/embed?src=jglj47tjhjfvbiejf6v1hid1qk%40group.calendar.google.com&amp;ctz=Europe%2FVilnius\" style=\"border: 0\" width=\"100%\" height=\"600\" frameborder=\"0\" scrolling=\"no\"><\/iframe><\/div>\n\t\t\t\t\t\t<\/div>\n\t\t\t\t<\/div>\n\t\t\t\t\t<\/div>\n\t\t<\/div>\n\t\t\t\t\t<\/div>\n\t\t<\/section>\n\t\t\t\t<\/div>\n\t\t","protected":false},"excerpt":{"rendered":"","protected":false},"author":1,"featured_media":0,"parent":0,"menu_order":60,"comment_status":"closed","ping_status":"closed","template":"","meta":{"_acf_changed":false,"footnotes":""},"class_list":["post-31604","page","type-page","status-publish","hentry"],"acf":[],"yoast_head":"<!-- This site is optimized with the Yoast SEO plugin v27.4 - https:\/\/yoast.com\/product\/yoast-seo-wordpress\/ -->\n<title>Adrian Schvarzstein - L&#039;agenda<\/title>\n<meta name=\"robots\" content=\"index, follow, max-snippet:-1, max-image-preview:large, max-video-preview:-1\" \/>\n<link rel=\"canonical\" href=\"https:\/\/adrianschvarzstein.com\/fr\/lagenda\/\" \/>\n<meta property=\"og:locale\" content=\"fr_FR\" \/>\n<meta property=\"og:type\" content=\"article\" \/>\n<meta property=\"og:title\" content=\"Adrian Schvarzstein - L&#039;agenda\" \/>\n<meta property=\"og:url\" content=\"https:\/\/adrianschvarzstein.com\/fr\/lagenda\/\" \/>\n<meta property=\"og:site_name\" content=\"Adrian Schvarzstein\" \/>\n<meta property=\"article:modified_time\" content=\"2023-09-04T14:28:35+00:00\" \/>\n<meta property=\"og:image\" content=\"https:\/\/adrianschvarzstein.com\/wp-content\/uploads\/2023\/09\/adrianschvarzstein-seoimage.jpg\" \/>\n\t<meta property=\"og:image:width\" content=\"1191\" \/>\n\t<meta property=\"og:image:height\" content=\"628\" \/>\n\t<meta property=\"og:image:type\" content=\"image\/jpeg\" \/>\n<meta name=\"twitter:card\" content=\"summary_large_image\" \/>\n<script type=\"application\/ld+json\" class=\"yoast-schema-graph\">{\"@context\":\"https:\\\/\\\/schema.org\",\"@graph\":[{\"@type\":\"WebPage\",\"@id\":\"https:\\\/\\\/adrianschvarzstein.com\\\/fr\\\/lagenda\\\/\",\"url\":\"https:\\\/\\\/adrianschvarzstein.com\\\/fr\\\/lagenda\\\/\",\"name\":\"Adrian Schvarzstein - L'agenda\",\"isPartOf\":{\"@id\":\"https:\\\/\\\/adrianschvarzstein.com\\\/#website\"},\"datePublished\":\"2023-07-24T13:19:07+00:00\",\"dateModified\":\"2023-09-04T14:28:35+00:00\",\"breadcrumb\":{\"@id\":\"https:\\\/\\\/adrianschvarzstein.com\\\/fr\\\/lagenda\\\/#breadcrumb\"},\"inLanguage\":\"fr-FR\",\"potentialAction\":[{\"@type\":\"ReadAction\",\"target\":[\"https:\\\/\\\/adrianschvarzstein.com\\\/fr\\\/lagenda\\\/\"]}]},{\"@type\":\"BreadcrumbList\",\"@id\":\"https:\\\/\\\/adrianschvarzstein.com\\\/fr\\\/lagenda\\\/#breadcrumb\",\"itemListElement\":[{\"@type\":\"ListItem\",\"position\":1,\"name\":\"Home\",\"item\":\"https:\\\/\\\/adrianschvarzstein.com\\\/fr\\\/\"},{\"@type\":\"ListItem\",\"position\":2,\"name\":\"L&#8217;agenda\"}]},{\"@type\":\"WebSite\",\"@id\":\"https:\\\/\\\/adrianschvarzstein.com\\\/#website\",\"url\":\"https:\\\/\\\/adrianschvarzstein.com\\\/\",\"name\":\"Adrian Schvarzstein\",\"description\":\"Adrian Schvarzstein est un artiste de spectacle tr\u00e8s \u00e9nergique ! Il joue et chante \u00e9galement dans des op\u00e9ras et des compagnies de musique baroque.\",\"publisher\":{\"@id\":\"https:\\\/\\\/adrianschvarzstein.com\\\/#organization\"},\"potentialAction\":[{\"@type\":\"SearchAction\",\"target\":{\"@type\":\"EntryPoint\",\"urlTemplate\":\"https:\\\/\\\/adrianschvarzstein.com\\\/?s={search_term_string}\"},\"query-input\":{\"@type\":\"PropertyValueSpecification\",\"valueRequired\":true,\"valueName\":\"search_term_string\"}}],\"inLanguage\":\"fr-FR\"},{\"@type\":\"Organization\",\"@id\":\"https:\\\/\\\/adrianschvarzstein.com\\\/#organization\",\"name\":\"Adrian Schvarzstein\",\"url\":\"https:\\\/\\\/adrianschvarzstein.com\\\/\",\"logo\":{\"@type\":\"ImageObject\",\"inLanguage\":\"fr-FR\",\"@id\":\"https:\\\/\\\/adrianschvarzstein.com\\\/#\\\/schema\\\/logo\\\/image\\\/\",\"url\":\"https:\\\/\\\/adrianschvarzstein.com\\\/wp-content\\\/uploads\\\/2023\\\/09\\\/adrianschvarzstein-seoimage.jpg\",\"contentUrl\":\"https:\\\/\\\/adrianschvarzstein.com\\\/wp-content\\\/uploads\\\/2023\\\/09\\\/adrianschvarzstein-seoimage.jpg\",\"width\":1191,\"height\":628,\"caption\":\"Adrian Schvarzstein\"},\"image\":{\"@id\":\"https:\\\/\\\/adrianschvarzstein.com\\\/#\\\/schema\\\/logo\\\/image\\\/\"}}]}<\/script>\n<!-- \/ Yoast SEO plugin. -->","yoast_head_json":{"title":"Adrian Schvarzstein - L'agenda","robots":{"index":"index","follow":"follow","max-snippet":"max-snippet:-1","max-image-preview":"max-image-preview:large","max-video-preview":"max-video-preview:-1"},"canonical":"https:\/\/adrianschvarzstein.com\/fr\/lagenda\/","og_locale":"fr_FR","og_type":"article","og_title":"Adrian Schvarzstein - L'agenda","og_url":"https:\/\/adrianschvarzstein.com\/fr\/lagenda\/","og_site_name":"Adrian Schvarzstein","article_modified_time":"2023-09-04T14:28:35+00:00","og_image":[{"width":1191,"height":628,"url":"https:\/\/adrianschvarzstein.com\/wp-content\/uploads\/2023\/09\/adrianschvarzstein-seoimage.jpg","type":"image\/jpeg"}],"twitter_card":"summary_large_image","schema":{"@context":"https:\/\/schema.org","@graph":[{"@type":"WebPage","@id":"https:\/\/adrianschvarzstein.com\/fr\/lagenda\/","url":"https:\/\/adrianschvarzstein.com\/fr\/lagenda\/","name":"Adrian Schvarzstein - L'agenda","isPartOf":{"@id":"https:\/\/adrianschvarzstein.com\/#website"},"datePublished":"2023-07-24T13:19:07+00:00","dateModified":"2023-09-04T14:28:35+00:00","breadcrumb":{"@id":"https:\/\/adrianschvarzstein.com\/fr\/lagenda\/#breadcrumb"},"inLanguage":"fr-FR","potentialAction":[{"@type":"ReadAction","target":["https:\/\/adrianschvarzstein.com\/fr\/lagenda\/"]}]},{"@type":"BreadcrumbList","@id":"https:\/\/adrianschvarzstein.com\/fr\/lagenda\/#breadcrumb","itemListElement":[{"@type":"ListItem","position":1,"name":"Home","item":"https:\/\/adrianschvarzstein.com\/fr\/"},{"@type":"ListItem","position":2,"name":"L&#8217;agenda"}]},{"@type":"WebSite","@id":"https:\/\/adrianschvarzstein.com\/#website","url":"https:\/\/adrianschvarzstein.com\/","name":"Adrian Schvarzstein","description":"Adrian Schvarzstein est un artiste de spectacle tr\u00e8s \u00e9nergique ! Il joue et chante \u00e9galement dans des op\u00e9ras et des compagnies de musique baroque.","publisher":{"@id":"https:\/\/adrianschvarzstein.com\/#organization"},"potentialAction":[{"@type":"SearchAction","target":{"@type":"EntryPoint","urlTemplate":"https:\/\/adrianschvarzstein.com\/?s={search_term_string}"},"query-input":{"@type":"PropertyValueSpecification","valueRequired":true,"valueName":"search_term_string"}}],"inLanguage":"fr-FR"},{"@type":"Organization","@id":"https:\/\/adrianschvarzstein.com\/#organization","name":"Adrian Schvarzstein","url":"https:\/\/adrianschvarzstein.com\/","logo":{"@type":"ImageObject","inLanguage":"fr-FR","@id":"https:\/\/adrianschvarzstein.com\/#\/schema\/logo\/image\/","url":"https:\/\/adrianschvarzstein.com\/wp-content\/uploads\/2023\/09\/adrianschvarzstein-seoimage.jpg","contentUrl":"https:\/\/adrianschvarzstein.com\/wp-content\/uploads\/2023\/09\/adrianschvarzstein-seoimage.jpg","width":1191,"height":628,"caption":"Adrian Schvarzstein"},"image":{"@id":"https:\/\/adrianschvarzstein.com\/#\/schema\/logo\/image\/"}}]}},"_links":{"self":[{"href":"https:\/\/adrianschvarzstein.com\/fr\/wp-json\/wp\/v2\/pages\/31604","targetHints":{"allow":["GET"]}}],"collection":[{"href":"https:\/\/adrianschvarzstein.com\/fr\/wp-json\/wp\/v2\/pages"}],"about":[{"href":"https:\/\/adrianschvarzstein.com\/fr\/wp-json\/wp\/v2\/types\/page"}],"author":[{"embeddable":true,"href":"https:\/\/adrianschvarzstein.com\/fr\/wp-json\/wp\/v2\/users\/1"}],"replies":[{"embeddable":true,"href":"https:\/\/adrianschvarzstein.com\/fr\/wp-json\/wp\/v2\/comments?post=31604"}],"version-history":[{"count":0,"href":"https:\/\/adrianschvarzstein.com\/fr\/wp-json\/wp\/v2\/pages\/31604\/revisions"}],"wp:attachment":[{"href":"https:\/\/adrianschvarzstein.com\/fr\/wp-json\/wp\/v2\/media?parent=31604"}],"curies":[{"name":"wp","href":"https:\/\/api.w.org\/{rel}","templated":true}]}}