{"id":31557,"date":"2018-09-11T15:12:33","date_gmt":"2018-09-11T13:12:33","guid":{"rendered":"https:\/\/adrianschvarzstein.com\/future-projects\/"},"modified":"2023-09-21T11:13:54","modified_gmt":"2023-09-21T09:13:54","slug":"projets-a-venir","status":"publish","type":"page","link":"https:\/\/adrianschvarzstein.com\/fr\/projets-a-venir\/","title":{"rendered":"Projets \u00e0 venir"},"content":{"rendered":"\t\t<div data-elementor-type=\"wp-post\" data-elementor-id=\"31557\" class=\"elementor elementor-31557 elementor-50\">\n\t\t\t\t\t\t<section class=\"elementor-section elementor-top-section elementor-element elementor-element-51b0f57 elementor-section-boxed elementor-section-height-default elementor-section-height-default neuron-fixed-no\" data-id=\"51b0f57\" data-element_type=\"section\" data-e-type=\"section\">\n\t\t\t\t\t\t<div class=\"elementor-container elementor-column-gap-default\">\n\t\t\t\t\t<div class=\"elementor-column elementor-col-100 elementor-top-column elementor-element elementor-element-bcb9ffd\" data-id=\"bcb9ffd\" data-element_type=\"column\" data-e-type=\"column\">\n\t\t\t<div class=\"elementor-widget-wrap elementor-element-populated\">\n\t\t\t\t\t\t<div class=\"elementor-element elementor-element-9e8d478 elementor-position-inline-start elementor-mobile-position-inline-start elementor-view-default elementor-widget elementor-widget-icon-box\" data-id=\"9e8d478\" data-element_type=\"widget\" data-e-type=\"widget\" data-widget_type=\"icon-box.default\">\n\t\t\t\t<div class=\"elementor-widget-container\">\n\t\t\t\t\t\t\t<div class=\"elementor-icon-box-wrapper\">\n\n\t\t\t\t\t\t<div class=\"elementor-icon-box-icon\">\n\t\t\t\t<span  class=\"elementor-icon\">\n\t\t\t\t<i aria-hidden=\"true\" class=\"far fa-clock\"><\/i>\t\t\t\t<\/span>\n\t\t\t<\/div>\n\t\t\t\n\t\t\t\t\t\t<div class=\"elementor-icon-box-content\">\n\n\t\t\t\t\t\t\t\t\t<h1 class=\"elementor-icon-box-title\">\n\t\t\t\t\t\t<span  >\n\t\t\t\t\t\t\tProjets \u00e0 venir\t\t\t\t\t\t<\/span>\n\t\t\t\t\t<\/h1>\n\t\t\t\t\n\t\t\t\t\n\t\t\t<\/div>\n\t\t\t\n\t\t<\/div>\n\t\t\t\t\t\t<\/div>\n\t\t\t\t<\/div>\n\t\t\t\t\t<\/div>\n\t\t<\/div>\n\t\t\t\t\t<\/div>\n\t\t<\/section>\n\t\t\t\t<section class=\"elementor-section elementor-top-section elementor-element elementor-element-3034c2e elementor-section-boxed elementor-section-height-default elementor-section-height-default neuron-fixed-no\" data-id=\"3034c2e\" data-element_type=\"section\" data-e-type=\"section\">\n\t\t\t\t\t\t<div class=\"elementor-container elementor-column-gap-no\">\n\t\t\t\t\t<div class=\"elementor-column elementor-col-50 elementor-top-column elementor-element elementor-element-90f5fb5\" data-id=\"90f5fb5\" data-element_type=\"column\" data-e-type=\"column\">\n\t\t\t<div class=\"elementor-widget-wrap elementor-element-populated\">\n\t\t\t\t\t\t<div class=\"elementor-element elementor-element-e9fd229 elementor-widget elementor-widget-heading\" data-id=\"e9fd229\" data-element_type=\"widget\" data-e-type=\"widget\" data-widget_type=\"heading.default\">\n\t\t\t\t<div class=\"elementor-widget-container\">\n\t\t\t\t\t<h1 class=\"elementor-heading-title elementor-size-default\">Il combattimento di Tancredi e Clorinda<\/h1>\t\t\t\t<\/div>\n\t\t\t\t<\/div>\n\t\t\t\t<div class=\"elementor-element elementor-element-2ae6a14 elementor-widget elementor-widget-text-editor\" data-id=\"2ae6a14\" data-element_type=\"widget\" data-e-type=\"widget\" data-widget_type=\"text-editor.default\">\n\t\t\t\t<div class=\"elementor-widget-container\">\n\t\t\t\t\t\t\t\t\t<p>L&rsquo;Ensemble Contratemps recr\u00e9e la mythique premi\u00e8re de l&rsquo;\u0153uvre de Monteverdi en alliant la virtuosit\u00e9 musicale et vocale \u00e0 des \u00e9l\u00e9ments de cirque et \u00e0 une bonne dose d&rsquo;humour.<\/p>\n<p>Au d\u00e9but du XVIIe si\u00e8cle na\u00eet en Italie un genre qui va r\u00e9volutionner l&rsquo;histoire de la musique : l&rsquo;op\u00e9ra, avec l&rsquo;id\u00e9e de pouvoir exprimer toute la passion de la po\u00e9sie, en la d\u00e9tournant des artifices de la Renaissance. Ce nouveau genre de th\u00e9\u00e2tre musical, d\u00e9fendu par des compositeurs tels que Monteverdi, Caccini et Peri, triomphe dans toutes les cours, d&rsquo;abord en Italie du Nord, puis dans toute l&rsquo;Europe. <\/p>\n\t\t\t\t\t\t\t\t<\/div>\n\t\t\t\t<\/div>\n\t\t\t\t\t<\/div>\n\t\t<\/div>\n\t\t\t\t<div class=\"elementor-column elementor-col-50 elementor-top-column elementor-element elementor-element-e001302\" data-id=\"e001302\" data-element_type=\"column\" data-e-type=\"column\" data-settings=\"{&quot;background_background&quot;:&quot;classic&quot;}\">\n\t\t\t<div class=\"elementor-widget-wrap elementor-element-populated\">\n\t\t\t\t\t\t<div class=\"elementor-element elementor-element-a664ded elementor-widget elementor-widget-image\" data-id=\"a664ded\" data-element_type=\"widget\" data-e-type=\"widget\" data-widget_type=\"image.default\">\n\t\t\t\t<div class=\"elementor-widget-container\">\n\t\t\t\t\t\t\t\t\t\t\t\t\t\t\t<img fetchpriority=\"high\" decoding=\"async\" width=\"1250\" height=\"983\" src=\"https:\/\/adrianschvarzstein.com\/wp-content\/uploads\/2023\/09\/adrianschvarzstein-Il-combattimento-di-Tancredi-e-Clorinda.jpg\" class=\"attachment-1536x1536 size-1536x1536 wp-image-31935\" alt=\"\" srcset=\"https:\/\/adrianschvarzstein.com\/wp-content\/uploads\/2023\/09\/adrianschvarzstein-Il-combattimento-di-Tancredi-e-Clorinda.jpg 1250w, https:\/\/adrianschvarzstein.com\/wp-content\/uploads\/2023\/09\/adrianschvarzstein-Il-combattimento-di-Tancredi-e-Clorinda-300x236.jpg 300w, https:\/\/adrianschvarzstein.com\/wp-content\/uploads\/2023\/09\/adrianschvarzstein-Il-combattimento-di-Tancredi-e-Clorinda-1024x805.jpg 1024w, https:\/\/adrianschvarzstein.com\/wp-content\/uploads\/2023\/09\/adrianschvarzstein-Il-combattimento-di-Tancredi-e-Clorinda-768x604.jpg 768w\" sizes=\"(max-width: 1250px) 100vw, 1250px\" \/>\t\t\t\t\t\t\t\t\t\t\t\t\t\t\t<\/div>\n\t\t\t\t<\/div>\n\t\t\t\t\t<\/div>\n\t\t<\/div>\n\t\t\t\t\t<\/div>\n\t\t<\/section>\n\t\t\t\t<section class=\"elementor-section elementor-top-section elementor-element elementor-element-6c3f874 elementor-reverse-tablet elementor-reverse-mobile elementor-section-boxed elementor-section-height-default elementor-section-height-default neuron-fixed-no\" data-id=\"6c3f874\" data-element_type=\"section\" data-e-type=\"section\">\n\t\t\t\t\t\t<div class=\"elementor-container elementor-column-gap-no\">\n\t\t\t\t\t<div class=\"elementor-column elementor-col-50 elementor-top-column elementor-element elementor-element-8bb0b9c\" data-id=\"8bb0b9c\" data-element_type=\"column\" data-e-type=\"column\" data-settings=\"{&quot;background_background&quot;:&quot;classic&quot;}\">\n\t\t\t<div class=\"elementor-widget-wrap elementor-element-populated\">\n\t\t\t\t\t\t<div class=\"elementor-element elementor-element-8abc666 elementor-widget elementor-widget-video\" data-id=\"8abc666\" data-element_type=\"widget\" data-e-type=\"widget\" data-settings=\"{&quot;video_type&quot;:&quot;hosted&quot;,&quot;show_image_overlay&quot;:&quot;yes&quot;,&quot;image_overlay&quot;:{&quot;url&quot;:&quot;https:\\\/\\\/adrianschvarzstein.com\\\/wp-content\\\/uploads\\\/2023\\\/08\\\/video-shtetl-img.jpg&quot;,&quot;id&quot;:30884,&quot;size&quot;:&quot;&quot;,&quot;alt&quot;:&quot;&quot;,&quot;source&quot;:&quot;library&quot;},&quot;controls&quot;:&quot;yes&quot;}\" data-widget_type=\"video.default\">\n\t\t\t\t<div class=\"elementor-widget-container\">\n\t\t\t\t\t\t\t<div class=\"e-hosted-video elementor-wrapper elementor-open-inline\">\n\t\t\t\t\t<video class=\"elementor-video\" src=\"https:\/\/adrianschvarzstein.com\/wp-content\/uploads\/2023\/08\/video-shtetl.mp4\" controls=\"\" preload=\"metadata\" controlsList=\"nodownload\" poster=\"https:\/\/adrianschvarzstein.com\/wp-content\/uploads\/2023\/08\/video-shtetl-img.jpg\"><\/video>\n\t\t\t\t\t\t<div class=\"elementor-custom-embed-image-overlay\" style=\"background-image: url(https:\/\/adrianschvarzstein.com\/wp-content\/uploads\/2023\/08\/video-shtetl-img.jpg);\">\n\t\t\t\t\t\t\t\t\t\t\t\t\t\t\t\t<div class=\"elementor-custom-embed-play\" role=\"button\" aria-label=\"Lire la vid\u00e9o\" tabindex=\"0\">\n\t\t\t\t\t\t\t<i aria-hidden=\"true\" class=\"eicon-play\"><\/i>\t\t\t\t\t\t<\/div>\n\t\t\t\t\t\t\t\t\t<\/div>\n\t\t\t\t\t<\/div>\n\t\t\t\t\t\t<\/div>\n\t\t\t\t<\/div>\n\t\t\t\t\t<\/div>\n\t\t<\/div>\n\t\t\t\t<div class=\"elementor-column elementor-col-50 elementor-top-column elementor-element elementor-element-84dccf8\" data-id=\"84dccf8\" data-element_type=\"column\" data-e-type=\"column\">\n\t\t\t<div class=\"elementor-widget-wrap elementor-element-populated\">\n\t\t\t\t\t\t<div class=\"elementor-element elementor-element-959801b elementor-widget elementor-widget-heading\" data-id=\"959801b\" data-element_type=\"widget\" data-e-type=\"widget\" data-widget_type=\"heading.default\">\n\t\t\t\t<div class=\"elementor-widget-container\">\n\t\t\t\t\t<h1 class=\"elementor-heading-title elementor-size-default\">Shtetl<\/h1>\t\t\t\t<\/div>\n\t\t\t\t<\/div>\n\t\t\t\t<div class=\"elementor-element elementor-element-d7a0d78 elementor-widget elementor-widget-text-editor\" data-id=\"d7a0d78\" data-element_type=\"widget\" data-e-type=\"widget\" data-widget_type=\"text-editor.default\">\n\t\t\t\t<div class=\"elementor-widget-container\">\n\t\t\t\t\t\t\t\t\t<div class=\"gmail_default\">&#8230;Et si nous devions quitter nos maisons, ou retourner dans notre ancienne maison, d\u00e9j\u00e0 d\u00e9truite par le temps et l&rsquo;oubli&#8230;et si notre vie est la recherche de ce nid o\u00f9 construire quelque chose de nouveau&#8230; <span class=\"il\">Shtetl<\/span> veut \u00eatre la r\u00e9ponse, ou la question, bref, ce projet de th\u00e9\u00e2tre de rue nous captivera tous \u00e0 nouveau. <\/div>\n<div class=\"gmail_default\"> <\/div>\n\t\t\t\t\t\t\t\t<\/div>\n\t\t\t\t<\/div>\n\t\t\t\t\t<\/div>\n\t\t<\/div>\n\t\t\t\t\t<\/div>\n\t\t<\/section>\n\t\t\t\t<section class=\"elementor-section elementor-top-section elementor-element elementor-element-6c1e6d4 elementor-section-boxed elementor-section-height-default elementor-section-height-default neuron-fixed-no\" data-id=\"6c1e6d4\" data-element_type=\"section\" data-e-type=\"section\">\n\t\t\t\t\t\t<div class=\"elementor-container elementor-column-gap-no\">\n\t\t\t\t\t<div class=\"elementor-column elementor-col-50 elementor-top-column elementor-element elementor-element-768bce1\" data-id=\"768bce1\" data-element_type=\"column\" data-e-type=\"column\">\n\t\t\t<div class=\"elementor-widget-wrap elementor-element-populated\">\n\t\t\t\t\t\t<div class=\"elementor-element elementor-element-843efbb elementor-widget elementor-widget-heading\" data-id=\"843efbb\" data-element_type=\"widget\" data-e-type=\"widget\" data-widget_type=\"heading.default\">\n\t\t\t\t<div class=\"elementor-widget-container\">\n\t\t\t\t\t<h1 class=\"elementor-heading-title elementor-size-default\">Mortem ( or \"The quintet of death\")<\/h1>\t\t\t\t<\/div>\n\t\t\t\t<\/div>\n\t\t\t\t<div class=\"elementor-element elementor-element-afd158b elementor-widget elementor-widget-text-editor\" data-id=\"afd158b\" data-element_type=\"widget\" data-e-type=\"widget\" data-widget_type=\"text-editor.default\">\n\t\t\t\t<div class=\"elementor-widget-container\">\n\t\t\t\t\t\t\t\t\t<div>QUE nous arrive-t-il lorsque nous cessons d&rsquo;exister, lorsque l&rsquo;\u00eatre humain, qui a lutt\u00e9 toute sa vie pour cr\u00e9er son espace dans ce monde, arrive au moment de partir, de tout abandonner pour s&#8217;embarquer dans un nouveau voyage vers quelque chose d&rsquo;inconnu.<\/div>\n<div>Ce spectacle se veut une r\u00e9flexion sur la mort, sous des angles divers et vari\u00e9s, y compris une approche joyeuse et d\u00e9tendue.<\/div>\n<div class=\"gmail_default\"> <\/div>\n\t\t\t\t\t\t\t\t<\/div>\n\t\t\t\t<\/div>\n\t\t\t\t\t<\/div>\n\t\t<\/div>\n\t\t\t\t<div class=\"elementor-column elementor-col-50 elementor-top-column elementor-element elementor-element-5178570\" data-id=\"5178570\" data-element_type=\"column\" data-e-type=\"column\" data-settings=\"{&quot;background_background&quot;:&quot;classic&quot;}\">\n\t\t\t<div class=\"elementor-widget-wrap elementor-element-populated\">\n\t\t\t\t\t\t<div class=\"elementor-element elementor-element-10963be elementor-widget elementor-widget-image\" data-id=\"10963be\" data-element_type=\"widget\" data-e-type=\"widget\" data-widget_type=\"image.default\">\n\t\t\t\t<div class=\"elementor-widget-container\">\n\t\t\t\t\t\t\t\t\t\t\t\t\t\t\t<img decoding=\"async\" width=\"952\" height=\"710\" src=\"https:\/\/adrianschvarzstein.com\/wp-content\/uploads\/2023\/08\/adrianschvarzstein-Mortem001-e1693499577475.jpg\" class=\"attachment-1536x1536 size-1536x1536 wp-image-31436\" alt=\"\" srcset=\"https:\/\/adrianschvarzstein.com\/wp-content\/uploads\/2023\/08\/adrianschvarzstein-Mortem001-e1693499577475.jpg 952w, https:\/\/adrianschvarzstein.com\/wp-content\/uploads\/2023\/08\/adrianschvarzstein-Mortem001-e1693499577475-300x224.jpg 300w, https:\/\/adrianschvarzstein.com\/wp-content\/uploads\/2023\/08\/adrianschvarzstein-Mortem001-e1693499577475-768x573.jpg 768w\" sizes=\"(max-width: 952px) 100vw, 952px\" \/>\t\t\t\t\t\t\t\t\t\t\t\t\t\t\t<\/div>\n\t\t\t\t<\/div>\n\t\t\t\t\t<\/div>\n\t\t<\/div>\n\t\t\t\t\t<\/div>\n\t\t<\/section>\n\t\t\t\t<section class=\"elementor-section elementor-top-section elementor-element elementor-element-d716f9c elementor-reverse-tablet elementor-reverse-mobile elementor-section-boxed elementor-section-height-default elementor-section-height-default neuron-fixed-no\" data-id=\"d716f9c\" data-element_type=\"section\" data-e-type=\"section\">\n\t\t\t\t\t\t<div class=\"elementor-container elementor-column-gap-no\">\n\t\t\t\t\t<div class=\"elementor-column elementor-col-50 elementor-top-column elementor-element elementor-element-0f83c15\" data-id=\"0f83c15\" data-element_type=\"column\" data-e-type=\"column\" data-settings=\"{&quot;background_background&quot;:&quot;classic&quot;}\">\n\t\t\t<div class=\"elementor-widget-wrap elementor-element-populated\">\n\t\t\t\t\t\t<div class=\"elementor-element elementor-element-e9a685f elementor-widget elementor-widget-video\" data-id=\"e9a685f\" data-element_type=\"widget\" data-e-type=\"widget\" data-settings=\"{&quot;youtube_url&quot;:&quot;https:\\\/\\\/www.youtube.com\\\/watch?v=7RqKTT0vqxI&quot;,&quot;lazy_load&quot;:&quot;yes&quot;,&quot;video_type&quot;:&quot;youtube&quot;,&quot;controls&quot;:&quot;yes&quot;}\" data-widget_type=\"video.default\">\n\t\t\t\t<div class=\"elementor-widget-container\">\n\t\t\t\t\t\t\t<div class=\"elementor-wrapper elementor-open-inline\">\n\t\t\t<div class=\"elementor-video\"><\/div>\t\t<\/div>\n\t\t\t\t\t\t<\/div>\n\t\t\t\t<\/div>\n\t\t\t\t\t<\/div>\n\t\t<\/div>\n\t\t\t\t<div class=\"elementor-column elementor-col-50 elementor-top-column elementor-element elementor-element-5b619d1\" data-id=\"5b619d1\" data-element_type=\"column\" data-e-type=\"column\">\n\t\t\t<div class=\"elementor-widget-wrap elementor-element-populated\">\n\t\t\t\t\t\t<div class=\"elementor-element elementor-element-1505972 elementor-widget elementor-widget-heading\" data-id=\"1505972\" data-element_type=\"widget\" data-e-type=\"widget\" data-widget_type=\"heading.default\">\n\t\t\t\t<div class=\"elementor-widget-container\">\n\t\t\t\t\t<h1 class=\"elementor-heading-title elementor-size-default\">The Cocodrile bar<\/h1>\t\t\t\t<\/div>\n\t\t\t\t<\/div>\n\t\t\t\t<div class=\"elementor-element elementor-element-cdd97d6 elementor-widget elementor-widget-heading\" data-id=\"cdd97d6\" data-element_type=\"widget\" data-e-type=\"widget\" data-widget_type=\"heading.default\">\n\t\t\t\t<div class=\"elementor-widget-container\">\n\t\t\t\t\t<div class=\"elementor-heading-title elementor-size-default\"><a href=\"https:\/\/oudemuziek.nl\/musici\/fom23-%C4%81rt-house-17-michael-hell\/\" target=\"_blank\">\u0100Rt House 17 \/ Michael Hell<\/a><\/div>\t\t\t\t<\/div>\n\t\t\t\t<\/div>\n\t\t\t\t<div class=\"elementor-element elementor-element-e196235 elementor-widget elementor-widget-text-editor\" data-id=\"e196235\" data-element_type=\"widget\" data-e-type=\"widget\" data-widget_type=\"text-editor.default\">\n\t\t\t\t<div class=\"elementor-widget-container\">\n\t\t\t\t\t\t\t\t\t<div>\u0100RT HOUSE 17 est un ensemble dirig\u00e9 par Michael Hell. Outre l&rsquo;utilisation d&rsquo;instruments historiques, l&rsquo;ensemble estime qu&rsquo;il est important de rendre justice au contexte plus large dans lequel la musique a \u00e9t\u00e9 jou\u00e9e \u00e0 l&rsquo;origine. La question centrale est la suivante : qu&rsquo;est-ce que cette musique a encore \u00e0 dire aujourd&rsquo;hui ? Ces derni\u00e8res ann\u00e9es, \u0100RT HOUSE 17 a \u00e9t\u00e9 \u00e0 l&rsquo;origine des spectacles de th\u00e9\u00e2tre musical Il Ciarlatano et Kaffeekantate \u00e0 Utrecht, qui ont connu un grand succ\u00e8s. L&rsquo;ensemble a \u00e9galement cr\u00e9\u00e9 la Passion d&rsquo;Utrecht lors du Festival de musique ancienne d&rsquo;Utrecht 2022.    <\/div>\n<div class=\"gmail_default\"> <\/div>\n\t\t\t\t\t\t\t\t<\/div>\n\t\t\t\t<\/div>\n\t\t\t\t\t<\/div>\n\t\t<\/div>\n\t\t\t\t\t<\/div>\n\t\t<\/section>\n\t\t\t\t<\/div>\n\t\t","protected":false},"excerpt":{"rendered":"<p>Projets \u00e0 venir Il combattimento di Tancredi e Clorinda L&rsquo;Ensemble Contratemps recr\u00e9e la mythique premi\u00e8re de l&rsquo;\u0153uvre de&#8230;<\/p>\n","protected":false},"author":1,"featured_media":0,"parent":0,"menu_order":116,"comment_status":"closed","ping_status":"closed","template":"","meta":{"_acf_changed":false,"footnotes":""},"class_list":["post-31557","page","type-page","status-publish","hentry"],"acf":[],"yoast_head":"<!-- This site is optimized with the Yoast SEO plugin v27.4 - https:\/\/yoast.com\/product\/yoast-seo-wordpress\/ -->\n<title>Adrian Schvarzstein - Projets \u00e0 venir<\/title>\n<meta name=\"robots\" content=\"index, follow, max-snippet:-1, max-image-preview:large, max-video-preview:-1\" \/>\n<link rel=\"canonical\" href=\"https:\/\/adrianschvarzstein.com\/fr\/projets-a-venir\/\" \/>\n<meta property=\"og:locale\" content=\"fr_FR\" \/>\n<meta property=\"og:type\" content=\"article\" \/>\n<meta property=\"og:title\" content=\"Adrian Schvarzstein - Projets \u00e0 venir\" \/>\n<meta property=\"og:description\" content=\"Projets \u00e0 venir Il combattimento di Tancredi e Clorinda L&rsquo;Ensemble Contratemps recr\u00e9e la mythique premi\u00e8re de l&rsquo;\u0153uvre de...\" \/>\n<meta property=\"og:url\" content=\"https:\/\/adrianschvarzstein.com\/fr\/projets-a-venir\/\" \/>\n<meta property=\"og:site_name\" content=\"Adrian Schvarzstein\" \/>\n<meta property=\"article:modified_time\" content=\"2023-09-21T09:13:54+00:00\" \/>\n<meta property=\"og:image\" content=\"https:\/\/adrianschvarzstein.com\/wp-content\/uploads\/2023\/09\/adrianschvarzstein-Il-combattimento-di-Tancredi-e-Clorinda.jpg\" \/>\n<meta name=\"twitter:card\" content=\"summary_large_image\" \/>\n<meta name=\"twitter:label1\" content=\"Dur\u00e9e de lecture estim\u00e9e\" \/>\n\t<meta name=\"twitter:data1\" content=\"2 minutes\" \/>\n<script type=\"application\/ld+json\" class=\"yoast-schema-graph\">{\"@context\":\"https:\\\/\\\/schema.org\",\"@graph\":[{\"@type\":\"WebPage\",\"@id\":\"https:\\\/\\\/adrianschvarzstein.com\\\/fr\\\/projets-a-venir\\\/\",\"url\":\"https:\\\/\\\/adrianschvarzstein.com\\\/fr\\\/projets-a-venir\\\/\",\"name\":\"Adrian Schvarzstein - Projets \u00e0 venir\",\"isPartOf\":{\"@id\":\"https:\\\/\\\/adrianschvarzstein.com\\\/#website\"},\"primaryImageOfPage\":{\"@id\":\"https:\\\/\\\/adrianschvarzstein.com\\\/fr\\\/projets-a-venir\\\/#primaryimage\"},\"image\":{\"@id\":\"https:\\\/\\\/adrianschvarzstein.com\\\/fr\\\/projets-a-venir\\\/#primaryimage\"},\"thumbnailUrl\":\"https:\\\/\\\/adrianschvarzstein.com\\\/wp-content\\\/uploads\\\/2023\\\/09\\\/adrianschvarzstein-Il-combattimento-di-Tancredi-e-Clorinda.jpg\",\"datePublished\":\"2018-09-11T13:12:33+00:00\",\"dateModified\":\"2023-09-21T09:13:54+00:00\",\"breadcrumb\":{\"@id\":\"https:\\\/\\\/adrianschvarzstein.com\\\/fr\\\/projets-a-venir\\\/#breadcrumb\"},\"inLanguage\":\"fr-FR\",\"potentialAction\":[{\"@type\":\"ReadAction\",\"target\":[\"https:\\\/\\\/adrianschvarzstein.com\\\/fr\\\/projets-a-venir\\\/\"]}]},{\"@type\":\"ImageObject\",\"inLanguage\":\"fr-FR\",\"@id\":\"https:\\\/\\\/adrianschvarzstein.com\\\/fr\\\/projets-a-venir\\\/#primaryimage\",\"url\":\"https:\\\/\\\/adrianschvarzstein.com\\\/wp-content\\\/uploads\\\/2023\\\/09\\\/adrianschvarzstein-Il-combattimento-di-Tancredi-e-Clorinda.jpg\",\"contentUrl\":\"https:\\\/\\\/adrianschvarzstein.com\\\/wp-content\\\/uploads\\\/2023\\\/09\\\/adrianschvarzstein-Il-combattimento-di-Tancredi-e-Clorinda.jpg\"},{\"@type\":\"BreadcrumbList\",\"@id\":\"https:\\\/\\\/adrianschvarzstein.com\\\/fr\\\/projets-a-venir\\\/#breadcrumb\",\"itemListElement\":[{\"@type\":\"ListItem\",\"position\":1,\"name\":\"Home\",\"item\":\"https:\\\/\\\/adrianschvarzstein.com\\\/fr\\\/\"},{\"@type\":\"ListItem\",\"position\":2,\"name\":\"Projets \u00e0 venir\"}]},{\"@type\":\"WebSite\",\"@id\":\"https:\\\/\\\/adrianschvarzstein.com\\\/#website\",\"url\":\"https:\\\/\\\/adrianschvarzstein.com\\\/\",\"name\":\"Adrian Schvarzstein\",\"description\":\"Adrian Schvarzstein est un artiste de spectacle tr\u00e8s \u00e9nergique ! Il joue et chante \u00e9galement dans des op\u00e9ras et des compagnies de musique baroque.\",\"publisher\":{\"@id\":\"https:\\\/\\\/adrianschvarzstein.com\\\/#organization\"},\"potentialAction\":[{\"@type\":\"SearchAction\",\"target\":{\"@type\":\"EntryPoint\",\"urlTemplate\":\"https:\\\/\\\/adrianschvarzstein.com\\\/?s={search_term_string}\"},\"query-input\":{\"@type\":\"PropertyValueSpecification\",\"valueRequired\":true,\"valueName\":\"search_term_string\"}}],\"inLanguage\":\"fr-FR\"},{\"@type\":\"Organization\",\"@id\":\"https:\\\/\\\/adrianschvarzstein.com\\\/#organization\",\"name\":\"Adrian Schvarzstein\",\"url\":\"https:\\\/\\\/adrianschvarzstein.com\\\/\",\"logo\":{\"@type\":\"ImageObject\",\"inLanguage\":\"fr-FR\",\"@id\":\"https:\\\/\\\/adrianschvarzstein.com\\\/#\\\/schema\\\/logo\\\/image\\\/\",\"url\":\"https:\\\/\\\/adrianschvarzstein.com\\\/wp-content\\\/uploads\\\/2023\\\/09\\\/adrianschvarzstein-seoimage.jpg\",\"contentUrl\":\"https:\\\/\\\/adrianschvarzstein.com\\\/wp-content\\\/uploads\\\/2023\\\/09\\\/adrianschvarzstein-seoimage.jpg\",\"width\":1191,\"height\":628,\"caption\":\"Adrian Schvarzstein\"},\"image\":{\"@id\":\"https:\\\/\\\/adrianschvarzstein.com\\\/#\\\/schema\\\/logo\\\/image\\\/\"}}]}<\/script>\n<!-- \/ Yoast SEO plugin. -->","yoast_head_json":{"title":"Adrian Schvarzstein - Projets \u00e0 venir","robots":{"index":"index","follow":"follow","max-snippet":"max-snippet:-1","max-image-preview":"max-image-preview:large","max-video-preview":"max-video-preview:-1"},"canonical":"https:\/\/adrianschvarzstein.com\/fr\/projets-a-venir\/","og_locale":"fr_FR","og_type":"article","og_title":"Adrian Schvarzstein - Projets \u00e0 venir","og_description":"Projets \u00e0 venir Il combattimento di Tancredi e Clorinda L&rsquo;Ensemble Contratemps recr\u00e9e la mythique premi\u00e8re de l&rsquo;\u0153uvre de...","og_url":"https:\/\/adrianschvarzstein.com\/fr\/projets-a-venir\/","og_site_name":"Adrian Schvarzstein","article_modified_time":"2023-09-21T09:13:54+00:00","og_image":[{"url":"https:\/\/adrianschvarzstein.com\/wp-content\/uploads\/2023\/09\/adrianschvarzstein-Il-combattimento-di-Tancredi-e-Clorinda.jpg","type":"","width":"","height":""}],"twitter_card":"summary_large_image","twitter_misc":{"Dur\u00e9e de lecture estim\u00e9e":"2 minutes"},"schema":{"@context":"https:\/\/schema.org","@graph":[{"@type":"WebPage","@id":"https:\/\/adrianschvarzstein.com\/fr\/projets-a-venir\/","url":"https:\/\/adrianschvarzstein.com\/fr\/projets-a-venir\/","name":"Adrian Schvarzstein - Projets \u00e0 venir","isPartOf":{"@id":"https:\/\/adrianschvarzstein.com\/#website"},"primaryImageOfPage":{"@id":"https:\/\/adrianschvarzstein.com\/fr\/projets-a-venir\/#primaryimage"},"image":{"@id":"https:\/\/adrianschvarzstein.com\/fr\/projets-a-venir\/#primaryimage"},"thumbnailUrl":"https:\/\/adrianschvarzstein.com\/wp-content\/uploads\/2023\/09\/adrianschvarzstein-Il-combattimento-di-Tancredi-e-Clorinda.jpg","datePublished":"2018-09-11T13:12:33+00:00","dateModified":"2023-09-21T09:13:54+00:00","breadcrumb":{"@id":"https:\/\/adrianschvarzstein.com\/fr\/projets-a-venir\/#breadcrumb"},"inLanguage":"fr-FR","potentialAction":[{"@type":"ReadAction","target":["https:\/\/adrianschvarzstein.com\/fr\/projets-a-venir\/"]}]},{"@type":"ImageObject","inLanguage":"fr-FR","@id":"https:\/\/adrianschvarzstein.com\/fr\/projets-a-venir\/#primaryimage","url":"https:\/\/adrianschvarzstein.com\/wp-content\/uploads\/2023\/09\/adrianschvarzstein-Il-combattimento-di-Tancredi-e-Clorinda.jpg","contentUrl":"https:\/\/adrianschvarzstein.com\/wp-content\/uploads\/2023\/09\/adrianschvarzstein-Il-combattimento-di-Tancredi-e-Clorinda.jpg"},{"@type":"BreadcrumbList","@id":"https:\/\/adrianschvarzstein.com\/fr\/projets-a-venir\/#breadcrumb","itemListElement":[{"@type":"ListItem","position":1,"name":"Home","item":"https:\/\/adrianschvarzstein.com\/fr\/"},{"@type":"ListItem","position":2,"name":"Projets \u00e0 venir"}]},{"@type":"WebSite","@id":"https:\/\/adrianschvarzstein.com\/#website","url":"https:\/\/adrianschvarzstein.com\/","name":"Adrian Schvarzstein","description":"Adrian Schvarzstein est un artiste de spectacle tr\u00e8s \u00e9nergique ! Il joue et chante \u00e9galement dans des op\u00e9ras et des compagnies de musique baroque.","publisher":{"@id":"https:\/\/adrianschvarzstein.com\/#organization"},"potentialAction":[{"@type":"SearchAction","target":{"@type":"EntryPoint","urlTemplate":"https:\/\/adrianschvarzstein.com\/?s={search_term_string}"},"query-input":{"@type":"PropertyValueSpecification","valueRequired":true,"valueName":"search_term_string"}}],"inLanguage":"fr-FR"},{"@type":"Organization","@id":"https:\/\/adrianschvarzstein.com\/#organization","name":"Adrian Schvarzstein","url":"https:\/\/adrianschvarzstein.com\/","logo":{"@type":"ImageObject","inLanguage":"fr-FR","@id":"https:\/\/adrianschvarzstein.com\/#\/schema\/logo\/image\/","url":"https:\/\/adrianschvarzstein.com\/wp-content\/uploads\/2023\/09\/adrianschvarzstein-seoimage.jpg","contentUrl":"https:\/\/adrianschvarzstein.com\/wp-content\/uploads\/2023\/09\/adrianschvarzstein-seoimage.jpg","width":1191,"height":628,"caption":"Adrian Schvarzstein"},"image":{"@id":"https:\/\/adrianschvarzstein.com\/#\/schema\/logo\/image\/"}}]}},"_links":{"self":[{"href":"https:\/\/adrianschvarzstein.com\/fr\/wp-json\/wp\/v2\/pages\/31557","targetHints":{"allow":["GET"]}}],"collection":[{"href":"https:\/\/adrianschvarzstein.com\/fr\/wp-json\/wp\/v2\/pages"}],"about":[{"href":"https:\/\/adrianschvarzstein.com\/fr\/wp-json\/wp\/v2\/types\/page"}],"author":[{"embeddable":true,"href":"https:\/\/adrianschvarzstein.com\/fr\/wp-json\/wp\/v2\/users\/1"}],"replies":[{"embeddable":true,"href":"https:\/\/adrianschvarzstein.com\/fr\/wp-json\/wp\/v2\/comments?post=31557"}],"version-history":[{"count":2,"href":"https:\/\/adrianschvarzstein.com\/fr\/wp-json\/wp\/v2\/pages\/31557\/revisions"}],"predecessor-version":[{"id":31993,"href":"https:\/\/adrianschvarzstein.com\/fr\/wp-json\/wp\/v2\/pages\/31557\/revisions\/31993"}],"wp:attachment":[{"href":"https:\/\/adrianschvarzstein.com\/fr\/wp-json\/wp\/v2\/media?parent=31557"}],"curies":[{"name":"wp","href":"https:\/\/api.w.org\/{rel}","templated":true}]}}