{"id":31478,"date":"2023-09-01T09:05:47","date_gmt":"2023-09-01T07:05:47","guid":{"rendered":"https:\/\/adrianschvarzstein.com\/workshops\/"},"modified":"2023-09-26T22:12:52","modified_gmt":"2023-09-26T20:12:52","slug":"ateliers","status":"publish","type":"page","link":"https:\/\/adrianschvarzstein.com\/fr\/ateliers\/","title":{"rendered":"Ateliers"},"content":{"rendered":"\t\t<div data-elementor-type=\"wp-post\" data-elementor-id=\"31478\" class=\"elementor elementor-31478 elementor-30995\">\n\t\t\t\t\t\t<section class=\"elementor-section elementor-top-section elementor-element elementor-element-51b0f57 elementor-section-boxed elementor-section-height-default elementor-section-height-default neuron-fixed-no\" data-id=\"51b0f57\" data-element_type=\"section\" data-e-type=\"section\">\n\t\t\t\t\t\t<div class=\"elementor-container elementor-column-gap-default\">\n\t\t\t\t\t<div class=\"elementor-column elementor-col-100 elementor-top-column elementor-element elementor-element-bcb9ffd\" data-id=\"bcb9ffd\" data-element_type=\"column\" data-e-type=\"column\">\n\t\t\t<div class=\"elementor-widget-wrap elementor-element-populated\">\n\t\t\t\t\t\t<div class=\"elementor-element elementor-element-9e8d478 elementor-position-inline-start elementor-mobile-position-inline-start elementor-view-default elementor-widget elementor-widget-icon-box\" data-id=\"9e8d478\" data-element_type=\"widget\" data-e-type=\"widget\" data-widget_type=\"icon-box.default\">\n\t\t\t\t<div class=\"elementor-widget-container\">\n\t\t\t\t\t\t\t<div class=\"elementor-icon-box-wrapper\">\n\n\t\t\t\t\t\t<div class=\"elementor-icon-box-icon\">\n\t\t\t\t<span  class=\"elementor-icon\">\n\t\t\t\t<i aria-hidden=\"true\" class=\"fas fa-users-cog\"><\/i>\t\t\t\t<\/span>\n\t\t\t<\/div>\n\t\t\t\n\t\t\t\t\t\t<div class=\"elementor-icon-box-content\">\n\n\t\t\t\t\t\t\t\t\t<h1 class=\"elementor-icon-box-title\">\n\t\t\t\t\t\t<span  >\n\t\t\t\t\t\t\tAteliers\t\t\t\t\t\t<\/span>\n\t\t\t\t\t<\/h1>\n\t\t\t\t\n\t\t\t\t\n\t\t\t<\/div>\n\t\t\t\n\t\t<\/div>\n\t\t\t\t\t\t<\/div>\n\t\t\t\t<\/div>\n\t\t\t\t\t<\/div>\n\t\t<\/div>\n\t\t\t\t\t<\/div>\n\t\t<\/section>\n\t\t\t\t<section class=\"elementor-section elementor-top-section elementor-element elementor-element-51dee1e elementor-section-boxed elementor-section-height-default elementor-section-height-default neuron-fixed-no\" data-id=\"51dee1e\" data-element_type=\"section\" data-e-type=\"section\">\n\t\t\t\t\t\t<div class=\"elementor-container elementor-column-gap-no\">\n\t\t\t\t\t<div class=\"elementor-column elementor-col-100 elementor-top-column elementor-element elementor-element-23e6281\" data-id=\"23e6281\" data-element_type=\"column\" data-e-type=\"column\">\n\t\t\t<div class=\"elementor-widget-wrap elementor-element-populated\">\n\t\t\t\t\t\t<div class=\"elementor-element elementor-element-e8a1913 elementor-widget elementor-widget-text-editor\" data-id=\"e8a1913\" data-element_type=\"widget\" data-e-type=\"widget\" data-widget_type=\"text-editor.default\">\n\t\t\t\t<div class=\"elementor-widget-container\">\n\t\t\t\t\t\t\t\t\t<div class=\"gmail_default\">\n<div>J&rsquo;ai anim\u00e9 des ateliers dans au moins 25 pays, en tenant compte du fait que c&rsquo;est le participant qui doit appr\u00e9cier et profiter du processus cr\u00e9atif.<\/div>\n<\/div>\n\t\t\t\t\t\t\t\t<\/div>\n\t\t\t\t<\/div>\n\t\t\t\t\t<\/div>\n\t\t<\/div>\n\t\t\t\t\t<\/div>\n\t\t<\/section>\n\t\t\t\t<section class=\"elementor-section elementor-top-section elementor-element elementor-element-6c3f874 elementor-section-boxed elementor-section-height-default elementor-section-height-default neuron-fixed-no\" data-id=\"6c3f874\" data-element_type=\"section\" data-e-type=\"section\">\n\t\t\t\t\t\t<div class=\"elementor-container elementor-column-gap-no\">\n\t\t\t\t\t<div class=\"elementor-column elementor-col-50 elementor-top-column elementor-element elementor-element-8bb0b9c elementor-invisible\" data-id=\"8bb0b9c\" data-element_type=\"column\" data-e-type=\"column\" data-settings=\"{&quot;background_background&quot;:&quot;classic&quot;,&quot;animation&quot;:&quot;fadeInDown&quot;}\">\n\t\t\t<div class=\"elementor-widget-wrap elementor-element-populated\">\n\t\t\t\t\t\t<div class=\"elementor-element elementor-element-10963be elementor-widget elementor-widget-image\" data-id=\"10963be\" data-element_type=\"widget\" data-e-type=\"widget\" data-widget_type=\"image.default\">\n\t\t\t\t<div class=\"elementor-widget-container\">\n\t\t\t\t\t\t\t\t\t\t\t\t\t\t\t<img fetchpriority=\"high\" decoding=\"async\" width=\"1536\" height=\"960\" src=\"https:\/\/adrianschvarzstein.com\/wp-content\/uploads\/2023\/09\/Workshops-taller-vilnius-1-1536x960.jpg\" class=\"attachment-1536x1536 size-1536x1536 wp-image-31446\" alt=\"\" srcset=\"https:\/\/adrianschvarzstein.com\/wp-content\/uploads\/2023\/09\/Workshops-taller-vilnius-1-1536x960.jpg 1536w, https:\/\/adrianschvarzstein.com\/wp-content\/uploads\/2023\/09\/Workshops-taller-vilnius-1-300x188.jpg 300w, https:\/\/adrianschvarzstein.com\/wp-content\/uploads\/2023\/09\/Workshops-taller-vilnius-1-1024x640.jpg 1024w, https:\/\/adrianschvarzstein.com\/wp-content\/uploads\/2023\/09\/Workshops-taller-vilnius-1-768x480.jpg 768w, https:\/\/adrianschvarzstein.com\/wp-content\/uploads\/2023\/09\/Workshops-taller-vilnius-1.jpg 1750w\" sizes=\"(max-width: 1536px) 100vw, 1536px\" \/>\t\t\t\t\t\t\t\t\t\t\t\t\t\t\t<\/div>\n\t\t\t\t<\/div>\n\t\t\t\t\t<\/div>\n\t\t<\/div>\n\t\t\t\t<div class=\"elementor-column elementor-col-50 elementor-top-column elementor-element elementor-element-84dccf8\" data-id=\"84dccf8\" data-element_type=\"column\" data-e-type=\"column\">\n\t\t\t<div class=\"elementor-widget-wrap elementor-element-populated\">\n\t\t\t\t\t\t<div class=\"elementor-element elementor-element-959801b elementor-widget elementor-widget-heading\" data-id=\"959801b\" data-element_type=\"widget\" data-e-type=\"widget\" data-widget_type=\"heading.default\">\n\t\t\t\t<div class=\"elementor-widget-container\">\n\t\t\t\t\t<h1 class=\"elementor-heading-title elementor-size-default\">Atelier th\u00e9\u00e2tre de rue.<\/h1>\t\t\t\t<\/div>\n\t\t\t\t<\/div>\n\t\t\t\t<div class=\"elementor-element elementor-element-d7a0d78 elementor-widget elementor-widget-text-editor\" data-id=\"d7a0d78\" data-element_type=\"widget\" data-e-type=\"widget\" data-widget_type=\"text-editor.default\">\n\t\t\t\t<div class=\"elementor-widget-container\">\n\t\t\t\t\t\t\t\t\t<div><div>Introduction au monde pratique du th\u00e9\u00e2tre de rue et \u00e0 la mise en sc\u00e8ne th\u00e9\u00e2trale\u00a0 qui r\u00e9unissent acteur, spectateur et espace public.<\/div><div>\u00c0 travers des exercices pratiques et le d\u00e9veloppement du personnage, nous plongerons dans cette discipline artistique fascinante.<\/div><div>Une exp\u00e9rience int\u00e9ressante pour tous ceux qui sont ouverts \u00e0 d\u00e9couvrir que la rue nous appartient !<\/div><\/div>\t\t\t\t\t\t\t\t<\/div>\n\t\t\t\t<\/div>\n\t\t\t\t\t<\/div>\n\t\t<\/div>\n\t\t\t\t\t<\/div>\n\t\t<\/section>\n\t\t\t\t<section class=\"elementor-section elementor-top-section elementor-element elementor-element-6c1e6d4 elementor-reverse-tablet elementor-reverse-mobile elementor-section-boxed elementor-section-height-default elementor-section-height-default neuron-fixed-no\" data-id=\"6c1e6d4\" data-element_type=\"section\" data-e-type=\"section\">\n\t\t\t\t\t\t<div class=\"elementor-container elementor-column-gap-no\">\n\t\t\t\t\t<div class=\"elementor-column elementor-col-50 elementor-top-column elementor-element elementor-element-768bce1\" data-id=\"768bce1\" data-element_type=\"column\" data-e-type=\"column\">\n\t\t\t<div class=\"elementor-widget-wrap elementor-element-populated\">\n\t\t\t\t\t\t<div class=\"elementor-element elementor-element-843efbb elementor-widget elementor-widget-heading\" data-id=\"843efbb\" data-element_type=\"widget\" data-e-type=\"widget\" data-widget_type=\"heading.default\">\n\t\t\t\t<div class=\"elementor-widget-container\">\n\t\t\t\t\t<h1 class=\"elementor-heading-title elementor-size-default\">Dramaturgie du cirque<\/h1>\t\t\t\t<\/div>\n\t\t\t\t<\/div>\n\t\t\t\t<div class=\"elementor-element elementor-element-afd158b elementor-widget elementor-widget-text-editor\" data-id=\"afd158b\" data-element_type=\"widget\" data-e-type=\"widget\" data-widget_type=\"text-editor.default\">\n\t\t\t\t<div class=\"elementor-widget-container\">\n\t\t\t\t\t\t\t\t\t<div>De la pr\u00e9sence de l&rsquo;artiste sur sc\u00e8ne \u00e0 la dramaturgie d&rsquo;un num\u00e9ro de cirque, en utilisant des exemples pratiques et des exercices physiques, nous explorerons comment cr\u00e9er un spectacle de cirque, comment raconter une histoire grace \u00e1 vos talents de cirque.<\/div>\n\t\t\t\t\t\t\t\t<\/div>\n\t\t\t\t<\/div>\n\t\t\t\t\t<\/div>\n\t\t<\/div>\n\t\t\t\t<div class=\"elementor-column elementor-col-50 elementor-top-column elementor-element elementor-element-5178570 elementor-invisible\" data-id=\"5178570\" data-element_type=\"column\" data-e-type=\"column\" data-settings=\"{&quot;background_background&quot;:&quot;classic&quot;,&quot;animation&quot;:&quot;fadeInDown&quot;}\">\n\t\t\t<div class=\"elementor-widget-wrap elementor-element-populated\">\n\t\t\t\t\t\t<div class=\"elementor-element elementor-element-15748ab elementor-widget elementor-widget-image\" data-id=\"15748ab\" data-element_type=\"widget\" data-e-type=\"widget\" data-widget_type=\"image.default\">\n\t\t\t\t<div class=\"elementor-widget-container\">\n\t\t\t\t\t\t\t\t\t\t\t\t\t\t\t<img decoding=\"async\" width=\"1536\" height=\"1024\" src=\"https:\/\/adrianschvarzstein.com\/wp-content\/uploads\/2023\/08\/adrianschvarzstein-Younak-003-ret-1536x1024.jpg\" class=\"attachment-1536x1536 size-1536x1536 wp-image-31340\" alt=\"\" srcset=\"https:\/\/adrianschvarzstein.com\/wp-content\/uploads\/2023\/08\/adrianschvarzstein-Younak-003-ret-1536x1024.jpg 1536w, https:\/\/adrianschvarzstein.com\/wp-content\/uploads\/2023\/08\/adrianschvarzstein-Younak-003-ret-300x200.jpg 300w, https:\/\/adrianschvarzstein.com\/wp-content\/uploads\/2023\/08\/adrianschvarzstein-Younak-003-ret-1024x683.jpg 1024w, https:\/\/adrianschvarzstein.com\/wp-content\/uploads\/2023\/08\/adrianschvarzstein-Younak-003-ret-768x512.jpg 768w, https:\/\/adrianschvarzstein.com\/wp-content\/uploads\/2023\/08\/adrianschvarzstein-Younak-003-ret.jpg 1920w\" sizes=\"(max-width: 1536px) 100vw, 1536px\" \/>\t\t\t\t\t\t\t\t\t\t\t\t\t\t\t<\/div>\n\t\t\t\t<\/div>\n\t\t\t\t\t<\/div>\n\t\t<\/div>\n\t\t\t\t\t<\/div>\n\t\t<\/section>\n\t\t\t\t<section class=\"elementor-section elementor-top-section elementor-element elementor-element-d716f9c elementor-section-boxed elementor-section-height-default elementor-section-height-default neuron-fixed-no\" data-id=\"d716f9c\" data-element_type=\"section\" data-e-type=\"section\">\n\t\t\t\t\t\t<div class=\"elementor-container elementor-column-gap-no\">\n\t\t\t\t\t<div class=\"elementor-column elementor-col-50 elementor-top-column elementor-element elementor-element-0f83c15 elementor-invisible\" data-id=\"0f83c15\" data-element_type=\"column\" data-e-type=\"column\" data-settings=\"{&quot;background_background&quot;:&quot;classic&quot;,&quot;animation&quot;:&quot;fadeInDown&quot;}\">\n\t\t\t<div class=\"elementor-widget-wrap elementor-element-populated\">\n\t\t\t\t\t\t<div class=\"elementor-element elementor-element-9aa5971 elementor-widget elementor-widget-image\" data-id=\"9aa5971\" data-element_type=\"widget\" data-e-type=\"widget\" data-widget_type=\"image.default\">\n\t\t\t\t<div class=\"elementor-widget-container\">\n\t\t\t\t\t\t\t\t\t\t\t\t\t\t\t<img decoding=\"async\" width=\"1250\" height=\"833\" src=\"https:\/\/adrianschvarzstein.com\/wp-content\/uploads\/2023\/09\/Workshops-taller-SPAA-ret.jpg\" class=\"attachment-full size-full wp-image-31442\" alt=\"\" srcset=\"https:\/\/adrianschvarzstein.com\/wp-content\/uploads\/2023\/09\/Workshops-taller-SPAA-ret.jpg 1250w, https:\/\/adrianschvarzstein.com\/wp-content\/uploads\/2023\/09\/Workshops-taller-SPAA-ret-300x200.jpg 300w, https:\/\/adrianschvarzstein.com\/wp-content\/uploads\/2023\/09\/Workshops-taller-SPAA-ret-1024x682.jpg 1024w, https:\/\/adrianschvarzstein.com\/wp-content\/uploads\/2023\/09\/Workshops-taller-SPAA-ret-768x512.jpg 768w\" sizes=\"(max-width: 1250px) 100vw, 1250px\" \/>\t\t\t\t\t\t\t\t\t\t\t\t\t\t\t<\/div>\n\t\t\t\t<\/div>\n\t\t\t\t\t<\/div>\n\t\t<\/div>\n\t\t\t\t<div class=\"elementor-column elementor-col-50 elementor-top-column elementor-element elementor-element-5b619d1\" data-id=\"5b619d1\" data-element_type=\"column\" data-e-type=\"column\">\n\t\t\t<div class=\"elementor-widget-wrap elementor-element-populated\">\n\t\t\t\t\t\t<div class=\"elementor-element elementor-element-1505972 elementor-widget elementor-widget-heading\" data-id=\"1505972\" data-element_type=\"widget\" data-e-type=\"widget\" data-widget_type=\"heading.default\">\n\t\t\t\t<div class=\"elementor-widget-container\">\n\t\t\t\t\t<h1 class=\"elementor-heading-title elementor-size-default\">Gestion musicale<\/h1>\t\t\t\t<\/div>\n\t\t\t\t<\/div>\n\t\t\t\t<div class=\"elementor-element elementor-element-e196235 elementor-widget elementor-widget-text-editor\" data-id=\"e196235\" data-element_type=\"widget\" data-e-type=\"widget\" data-widget_type=\"text-editor.default\">\n\t\t\t\t<div class=\"elementor-widget-container\">\n\t\t\t\t\t\t\t\t\t<div>Comment donner \u00e0 toute forme musicale l&rsquo;expression th\u00e9\u00e2trale n\u00e9cessaire, en cr\u00e9ant avec les musiciens et le chanteurs le moyen de transmettre directement au public les \u00e9motions dont toute activit\u00e9 musicale a besoin.<\/div>\t\t\t\t\t\t\t\t<\/div>\n\t\t\t\t<\/div>\n\t\t\t\t\t<\/div>\n\t\t<\/div>\n\t\t\t\t\t<\/div>\n\t\t<\/section>\n\t\t\t\t<\/div>\n\t\t","protected":false},"excerpt":{"rendered":"<p>Ateliers J&rsquo;ai anim\u00e9 des ateliers dans au moins 25 pays, en tenant compte du fait que c&rsquo;est le&#8230;<\/p>\n","protected":false},"author":1,"featured_media":31440,"parent":0,"menu_order":116,"comment_status":"closed","ping_status":"closed","template":"","meta":{"_acf_changed":false,"footnotes":""},"class_list":["post-31478","page","type-page","status-publish","has-post-thumbnail","hentry"],"acf":[],"yoast_head":"<!-- This site is optimized with the Yoast SEO plugin v27.4 - https:\/\/yoast.com\/product\/yoast-seo-wordpress\/ -->\n<title>Adrian Schvarzstein - Ateliers<\/title>\n<meta name=\"robots\" content=\"index, follow, max-snippet:-1, max-image-preview:large, max-video-preview:-1\" \/>\n<link rel=\"canonical\" href=\"https:\/\/adrianschvarzstein.com\/fr\/ateliers\/\" \/>\n<meta property=\"og:locale\" content=\"fr_FR\" \/>\n<meta property=\"og:type\" content=\"article\" \/>\n<meta property=\"og:title\" content=\"Adrian Schvarzstein - Ateliers\" \/>\n<meta property=\"og:description\" content=\"Ateliers J&rsquo;ai anim\u00e9 des ateliers dans au moins 25 pays, en tenant compte du fait que c&rsquo;est le...\" \/>\n<meta property=\"og:url\" content=\"https:\/\/adrianschvarzstein.com\/fr\/ateliers\/\" \/>\n<meta property=\"og:site_name\" content=\"Adrian Schvarzstein\" \/>\n<meta property=\"article:modified_time\" content=\"2023-09-26T20:12:52+00:00\" \/>\n<meta property=\"og:image\" content=\"https:\/\/adrianschvarzstein.com\/wp-content\/uploads\/2023\/09\/adrianschvarzstein-Workshops-taller-vilnius.jpg\" \/>\n\t<meta property=\"og:image:width\" content=\"1750\" \/>\n\t<meta property=\"og:image:height\" content=\"1094\" \/>\n\t<meta property=\"og:image:type\" content=\"image\/jpeg\" \/>\n<meta name=\"twitter:card\" content=\"summary_large_image\" \/>\n<meta name=\"twitter:label1\" content=\"Dur\u00e9e de lecture estim\u00e9e\" \/>\n\t<meta name=\"twitter:data1\" content=\"2 minutes\" \/>\n<script type=\"application\/ld+json\" class=\"yoast-schema-graph\">{\"@context\":\"https:\\\/\\\/schema.org\",\"@graph\":[{\"@type\":\"WebPage\",\"@id\":\"https:\\\/\\\/adrianschvarzstein.com\\\/fr\\\/ateliers\\\/\",\"url\":\"https:\\\/\\\/adrianschvarzstein.com\\\/fr\\\/ateliers\\\/\",\"name\":\"Adrian Schvarzstein - Ateliers\",\"isPartOf\":{\"@id\":\"https:\\\/\\\/adrianschvarzstein.com\\\/#website\"},\"primaryImageOfPage\":{\"@id\":\"https:\\\/\\\/adrianschvarzstein.com\\\/fr\\\/ateliers\\\/#primaryimage\"},\"image\":{\"@id\":\"https:\\\/\\\/adrianschvarzstein.com\\\/fr\\\/ateliers\\\/#primaryimage\"},\"thumbnailUrl\":\"https:\\\/\\\/adrianschvarzstein.com\\\/wp-content\\\/uploads\\\/2023\\\/09\\\/adrianschvarzstein-Workshops-taller-vilnius.jpg\",\"datePublished\":\"2023-09-01T07:05:47+00:00\",\"dateModified\":\"2023-09-26T20:12:52+00:00\",\"breadcrumb\":{\"@id\":\"https:\\\/\\\/adrianschvarzstein.com\\\/fr\\\/ateliers\\\/#breadcrumb\"},\"inLanguage\":\"fr-FR\",\"potentialAction\":[{\"@type\":\"ReadAction\",\"target\":[\"https:\\\/\\\/adrianschvarzstein.com\\\/fr\\\/ateliers\\\/\"]}]},{\"@type\":\"ImageObject\",\"inLanguage\":\"fr-FR\",\"@id\":\"https:\\\/\\\/adrianschvarzstein.com\\\/fr\\\/ateliers\\\/#primaryimage\",\"url\":\"https:\\\/\\\/adrianschvarzstein.com\\\/wp-content\\\/uploads\\\/2023\\\/09\\\/adrianschvarzstein-Workshops-taller-vilnius.jpg\",\"contentUrl\":\"https:\\\/\\\/adrianschvarzstein.com\\\/wp-content\\\/uploads\\\/2023\\\/09\\\/adrianschvarzstein-Workshops-taller-vilnius.jpg\",\"width\":1750,\"height\":1094},{\"@type\":\"BreadcrumbList\",\"@id\":\"https:\\\/\\\/adrianschvarzstein.com\\\/fr\\\/ateliers\\\/#breadcrumb\",\"itemListElement\":[{\"@type\":\"ListItem\",\"position\":1,\"name\":\"Home\",\"item\":\"https:\\\/\\\/adrianschvarzstein.com\\\/fr\\\/\"},{\"@type\":\"ListItem\",\"position\":2,\"name\":\"Ateliers\"}]},{\"@type\":\"WebSite\",\"@id\":\"https:\\\/\\\/adrianschvarzstein.com\\\/#website\",\"url\":\"https:\\\/\\\/adrianschvarzstein.com\\\/\",\"name\":\"Adrian Schvarzstein\",\"description\":\"Adrian Schvarzstein est un artiste de spectacle tr\u00e8s \u00e9nergique ! Il joue et chante \u00e9galement dans des op\u00e9ras et des compagnies de musique baroque.\",\"publisher\":{\"@id\":\"https:\\\/\\\/adrianschvarzstein.com\\\/#organization\"},\"potentialAction\":[{\"@type\":\"SearchAction\",\"target\":{\"@type\":\"EntryPoint\",\"urlTemplate\":\"https:\\\/\\\/adrianschvarzstein.com\\\/?s={search_term_string}\"},\"query-input\":{\"@type\":\"PropertyValueSpecification\",\"valueRequired\":true,\"valueName\":\"search_term_string\"}}],\"inLanguage\":\"fr-FR\"},{\"@type\":\"Organization\",\"@id\":\"https:\\\/\\\/adrianschvarzstein.com\\\/#organization\",\"name\":\"Adrian Schvarzstein\",\"url\":\"https:\\\/\\\/adrianschvarzstein.com\\\/\",\"logo\":{\"@type\":\"ImageObject\",\"inLanguage\":\"fr-FR\",\"@id\":\"https:\\\/\\\/adrianschvarzstein.com\\\/#\\\/schema\\\/logo\\\/image\\\/\",\"url\":\"https:\\\/\\\/adrianschvarzstein.com\\\/wp-content\\\/uploads\\\/2023\\\/09\\\/adrianschvarzstein-seoimage.jpg\",\"contentUrl\":\"https:\\\/\\\/adrianschvarzstein.com\\\/wp-content\\\/uploads\\\/2023\\\/09\\\/adrianschvarzstein-seoimage.jpg\",\"width\":1191,\"height\":628,\"caption\":\"Adrian Schvarzstein\"},\"image\":{\"@id\":\"https:\\\/\\\/adrianschvarzstein.com\\\/#\\\/schema\\\/logo\\\/image\\\/\"}}]}<\/script>\n<!-- \/ Yoast SEO plugin. -->","yoast_head_json":{"title":"Adrian Schvarzstein - Ateliers","robots":{"index":"index","follow":"follow","max-snippet":"max-snippet:-1","max-image-preview":"max-image-preview:large","max-video-preview":"max-video-preview:-1"},"canonical":"https:\/\/adrianschvarzstein.com\/fr\/ateliers\/","og_locale":"fr_FR","og_type":"article","og_title":"Adrian Schvarzstein - Ateliers","og_description":"Ateliers J&rsquo;ai anim\u00e9 des ateliers dans au moins 25 pays, en tenant compte du fait que c&rsquo;est le...","og_url":"https:\/\/adrianschvarzstein.com\/fr\/ateliers\/","og_site_name":"Adrian Schvarzstein","article_modified_time":"2023-09-26T20:12:52+00:00","og_image":[{"width":1750,"height":1094,"url":"https:\/\/adrianschvarzstein.com\/wp-content\/uploads\/2023\/09\/adrianschvarzstein-Workshops-taller-vilnius.jpg","type":"image\/jpeg"}],"twitter_card":"summary_large_image","twitter_misc":{"Dur\u00e9e de lecture estim\u00e9e":"2 minutes"},"schema":{"@context":"https:\/\/schema.org","@graph":[{"@type":"WebPage","@id":"https:\/\/adrianschvarzstein.com\/fr\/ateliers\/","url":"https:\/\/adrianschvarzstein.com\/fr\/ateliers\/","name":"Adrian Schvarzstein - Ateliers","isPartOf":{"@id":"https:\/\/adrianschvarzstein.com\/#website"},"primaryImageOfPage":{"@id":"https:\/\/adrianschvarzstein.com\/fr\/ateliers\/#primaryimage"},"image":{"@id":"https:\/\/adrianschvarzstein.com\/fr\/ateliers\/#primaryimage"},"thumbnailUrl":"https:\/\/adrianschvarzstein.com\/wp-content\/uploads\/2023\/09\/adrianschvarzstein-Workshops-taller-vilnius.jpg","datePublished":"2023-09-01T07:05:47+00:00","dateModified":"2023-09-26T20:12:52+00:00","breadcrumb":{"@id":"https:\/\/adrianschvarzstein.com\/fr\/ateliers\/#breadcrumb"},"inLanguage":"fr-FR","potentialAction":[{"@type":"ReadAction","target":["https:\/\/adrianschvarzstein.com\/fr\/ateliers\/"]}]},{"@type":"ImageObject","inLanguage":"fr-FR","@id":"https:\/\/adrianschvarzstein.com\/fr\/ateliers\/#primaryimage","url":"https:\/\/adrianschvarzstein.com\/wp-content\/uploads\/2023\/09\/adrianschvarzstein-Workshops-taller-vilnius.jpg","contentUrl":"https:\/\/adrianschvarzstein.com\/wp-content\/uploads\/2023\/09\/adrianschvarzstein-Workshops-taller-vilnius.jpg","width":1750,"height":1094},{"@type":"BreadcrumbList","@id":"https:\/\/adrianschvarzstein.com\/fr\/ateliers\/#breadcrumb","itemListElement":[{"@type":"ListItem","position":1,"name":"Home","item":"https:\/\/adrianschvarzstein.com\/fr\/"},{"@type":"ListItem","position":2,"name":"Ateliers"}]},{"@type":"WebSite","@id":"https:\/\/adrianschvarzstein.com\/#website","url":"https:\/\/adrianschvarzstein.com\/","name":"Adrian Schvarzstein","description":"Adrian Schvarzstein est un artiste de spectacle tr\u00e8s \u00e9nergique ! Il joue et chante \u00e9galement dans des op\u00e9ras et des compagnies de musique baroque.","publisher":{"@id":"https:\/\/adrianschvarzstein.com\/#organization"},"potentialAction":[{"@type":"SearchAction","target":{"@type":"EntryPoint","urlTemplate":"https:\/\/adrianschvarzstein.com\/?s={search_term_string}"},"query-input":{"@type":"PropertyValueSpecification","valueRequired":true,"valueName":"search_term_string"}}],"inLanguage":"fr-FR"},{"@type":"Organization","@id":"https:\/\/adrianschvarzstein.com\/#organization","name":"Adrian Schvarzstein","url":"https:\/\/adrianschvarzstein.com\/","logo":{"@type":"ImageObject","inLanguage":"fr-FR","@id":"https:\/\/adrianschvarzstein.com\/#\/schema\/logo\/image\/","url":"https:\/\/adrianschvarzstein.com\/wp-content\/uploads\/2023\/09\/adrianschvarzstein-seoimage.jpg","contentUrl":"https:\/\/adrianschvarzstein.com\/wp-content\/uploads\/2023\/09\/adrianschvarzstein-seoimage.jpg","width":1191,"height":628,"caption":"Adrian Schvarzstein"},"image":{"@id":"https:\/\/adrianschvarzstein.com\/#\/schema\/logo\/image\/"}}]}},"_links":{"self":[{"href":"https:\/\/adrianschvarzstein.com\/fr\/wp-json\/wp\/v2\/pages\/31478","targetHints":{"allow":["GET"]}}],"collection":[{"href":"https:\/\/adrianschvarzstein.com\/fr\/wp-json\/wp\/v2\/pages"}],"about":[{"href":"https:\/\/adrianschvarzstein.com\/fr\/wp-json\/wp\/v2\/types\/page"}],"author":[{"embeddable":true,"href":"https:\/\/adrianschvarzstein.com\/fr\/wp-json\/wp\/v2\/users\/1"}],"replies":[{"embeddable":true,"href":"https:\/\/adrianschvarzstein.com\/fr\/wp-json\/wp\/v2\/comments?post=31478"}],"version-history":[{"count":3,"href":"https:\/\/adrianschvarzstein.com\/fr\/wp-json\/wp\/v2\/pages\/31478\/revisions"}],"predecessor-version":[{"id":32096,"href":"https:\/\/adrianschvarzstein.com\/fr\/wp-json\/wp\/v2\/pages\/31478\/revisions\/32096"}],"wp:featuredmedia":[{"embeddable":true,"href":"https:\/\/adrianschvarzstein.com\/fr\/wp-json\/wp\/v2\/media\/31440"}],"wp:attachment":[{"href":"https:\/\/adrianschvarzstein.com\/fr\/wp-json\/wp\/v2\/media?parent=31478"}],"curies":[{"name":"wp","href":"https:\/\/api.w.org\/{rel}","templated":true}]}}