{"id":31472,"date":"2023-08-11T05:08:44","date_gmt":"2023-08-11T03:08:44","guid":{"rendered":"https:\/\/adrianschvarzstein.com\/music\/"},"modified":"2023-09-04T17:22:15","modified_gmt":"2023-09-04T15:22:15","slug":"musique","status":"publish","type":"page","link":"https:\/\/adrianschvarzstein.com\/fr\/musique\/","title":{"rendered":"Musique"},"content":{"rendered":"\t\t<div data-elementor-type=\"wp-post\" data-elementor-id=\"31472\" class=\"elementor elementor-31472 elementor-30471\">\n\t\t\t\t\t\t<section class=\"elementor-section elementor-top-section elementor-element elementor-element-51b0f57 elementor-section-boxed elementor-section-height-default elementor-section-height-default neuron-fixed-no\" data-id=\"51b0f57\" data-element_type=\"section\" data-e-type=\"section\">\n\t\t\t\t\t\t<div class=\"elementor-container elementor-column-gap-default\">\n\t\t\t\t\t<div class=\"elementor-column elementor-col-100 elementor-top-column elementor-element elementor-element-bcb9ffd\" data-id=\"bcb9ffd\" data-element_type=\"column\" data-e-type=\"column\">\n\t\t\t<div class=\"elementor-widget-wrap elementor-element-populated\">\n\t\t\t\t\t\t<div class=\"elementor-element elementor-element-9e8d478 elementor-position-inline-start elementor-mobile-position-inline-start elementor-view-default elementor-widget elementor-widget-icon-box\" data-id=\"9e8d478\" data-element_type=\"widget\" data-e-type=\"widget\" data-widget_type=\"icon-box.default\">\n\t\t\t\t<div class=\"elementor-widget-container\">\n\t\t\t\t\t\t\t<div class=\"elementor-icon-box-wrapper\">\n\n\t\t\t\t\t\t<div class=\"elementor-icon-box-icon\">\n\t\t\t\t<span  class=\"elementor-icon\">\n\t\t\t\t<i aria-hidden=\"true\" class=\"fas fa-music\"><\/i>\t\t\t\t<\/span>\n\t\t\t<\/div>\n\t\t\t\n\t\t\t\t\t\t<div class=\"elementor-icon-box-content\">\n\n\t\t\t\t\t\t\t\t\t<h1 class=\"elementor-icon-box-title\">\n\t\t\t\t\t\t<span  >\n\t\t\t\t\t\t\tMusique\t\t\t\t\t\t<\/span>\n\t\t\t\t\t<\/h1>\n\t\t\t\t\n\t\t\t\t\n\t\t\t<\/div>\n\t\t\t\n\t\t<\/div>\n\t\t\t\t\t\t<\/div>\n\t\t\t\t<\/div>\n\t\t\t\t\t<\/div>\n\t\t<\/div>\n\t\t\t\t\t<\/div>\n\t\t<\/section>\n\t\t\t\t<section class=\"elementor-section elementor-top-section elementor-element elementor-element-6c3f874 elementor-section-boxed elementor-section-height-default elementor-section-height-default neuron-fixed-no\" data-id=\"6c3f874\" data-element_type=\"section\" data-e-type=\"section\">\n\t\t\t\t\t\t<div class=\"elementor-container elementor-column-gap-no\">\n\t\t\t\t\t<div class=\"elementor-column elementor-col-100 elementor-top-column elementor-element elementor-element-84dccf8\" data-id=\"84dccf8\" data-element_type=\"column\" data-e-type=\"column\">\n\t\t\t<div class=\"elementor-widget-wrap elementor-element-populated\">\n\t\t\t\t\t\t<div class=\"elementor-element elementor-element-d7a0d78 elementor-widget elementor-widget-text-editor\" data-id=\"d7a0d78\" data-element_type=\"widget\" data-e-type=\"widget\" data-widget_type=\"text-editor.default\">\n\t\t\t\t<div class=\"elementor-widget-container\">\n\t\t\t\t\t\t\t\t\t<div class=\"gmail_default\">Dans le monde merveilleux de la musique, je crois que la mise en sc\u00e8ne de concerts, d&rsquo;op\u00e9ras et de toutes sortes de projets musicaux nous rapproche d&rsquo;une plus grande compr\u00e9hension et jouissance de cette pr\u00e9cieuse discipline artistique.<\/div>\n\t\t\t\t\t\t\t\t<\/div>\n\t\t\t\t<\/div>\n\t\t\t\t\t<\/div>\n\t\t<\/div>\n\t\t\t\t\t<\/div>\n\t\t<\/section>\n\t\t\t\t<section class=\"elementor-section elementor-top-section elementor-element elementor-element-dd0b5ae elementor-section-boxed elementor-section-height-default elementor-section-height-default neuron-fixed-no\" data-id=\"dd0b5ae\" data-element_type=\"section\" data-e-type=\"section\">\n\t\t\t\t\t\t<div class=\"elementor-container elementor-column-gap-no\">\n\t\t\t\t\t<div class=\"elementor-column elementor-col-100 elementor-top-column elementor-element elementor-element-df6a4ba\" data-id=\"df6a4ba\" data-element_type=\"column\" data-e-type=\"column\">\n\t\t\t<div class=\"elementor-widget-wrap elementor-element-populated\">\n\t\t\t\t\t\t<div class=\"elementor-element elementor-element-7636792 h-offset--no elementor-widget elementor-widget-neuron-posts\" data-id=\"7636792\" data-element_type=\"widget\" data-e-type=\"widget\" data-widget_type=\"neuron-posts.default\">\n\t\t\t\t<div class=\"elementor-widget-container\">\n\t\t\t\t\t\t\t<div class=\"l-posts-wrapper l-filters-holder l-posts-wrapper--meta-outside h-overflow-hidden l-portfolio-wrapper\" data-posts=\"7636792\">\n\t\t\t\t\t\t\t\t\t<div class=\"l-portfolio-wrapper__items-holder l-portfolio-wrapper__items-holder--meta-outside h-overflow-hidden\">\n\t\t\t\t    <div class=\"row masonry\" data-masonry-id=\"3a779d046701bf8350c373aaa06b41f4\">\n                                <div class=\"selector col-lg-4 col-md-12 col-12 musique-et-opera post-31745 portfolio type-portfolio status-publish has-post-thumbnail hentry portfolio_category-musique-et-opera\" data-id=\"31745\" data-columns=\"3-columns\">\n                <div class=\"o-post o-portfolio-item wow h-zoomInNeuron\" >\n                        <div class=\"o-neuron-hover o-neuron-hover--icon o-neuron-hover--scale\">\n        <div class=\"o-neuron-hover-holder\">\n            <div class=\"o-neuron-hover-holder__header\">\n                                    <a href=\"https:\/\/adrianschvarzstein.com\/fr\/shows\/senuju-menu-studija-lituania\/\" class=\"o-neuron-hover-holder__header__media\">\n                                                    <div class=\"h-calculated-image\" style=\"padding-bottom: 100.000000% !important;\">\n                                <img fetchpriority=\"high\" decoding=\"async\" width=\"500\" height=\"500\" src=\"https:\/\/adrianschvarzstein.com\/wp-content\/uploads\/2023\/08\/adrianschvarzstein-Senuju-Menu-Studija-001-500x500.jpg\" class=\"attachment-bifrost_image_size_1 size-bifrost_image_size_1 wp-post-image\" alt=\"\" srcset=\"https:\/\/adrianschvarzstein.com\/wp-content\/uploads\/2023\/08\/adrianschvarzstein-Senuju-Menu-Studija-001-500x500.jpg 500w, https:\/\/adrianschvarzstein.com\/wp-content\/uploads\/2023\/08\/adrianschvarzstein-Senuju-Menu-Studija-001-150x150.jpg 150w, https:\/\/adrianschvarzstein.com\/wp-content\/uploads\/2023\/08\/adrianschvarzstein-Senuju-Menu-Studija-001-1000x1000.jpg 1000w\" sizes=\"(max-width: 500px) 100vw, 500px\" \/>                            <\/div>\n                                            <\/a>\n                                                    <div class=\"o-neuron-hover-holder__header__overlay\"><\/div>\n                            <\/div>\n                            <div class=\"o-neuron-hover-holder__body justify-content-center d-flex\">\n                    <div class=\"o-neuron-hover-holder__body__inner d-flex\">\n                        <div class=\"o-neuron-hover-holder__body-meta o-neuron__post-icon\">\n                                                    <\/div>\n                    <\/div>\n                    <a href=\"https:\/\/adrianschvarzstein.com\/fr\/shows\/senuju-menu-studija-lituania\/\"><\/a>\n                <\/div>\n                        <\/div>\n    <\/div>\n<div class=\"o-portfolio-item__content o-neuron-post__content\">\n            <h5 class=\"o-portfolio-item__title o-neuron-post__title\"><a href=\"https:\/\/adrianschvarzstein.com\/fr\/shows\/senuju-menu-studija-lituania\/\">Senuju Menu Studija (Lituania)<\/a><\/h5>\n        <\/div>                <\/div>\n            <\/div>\n                                <div class=\"selector col-lg-4 col-md-12 col-12 musique-et-opera post-31775 portfolio type-portfolio status-publish has-post-thumbnail hentry portfolio_category-musique-et-opera\" data-id=\"31775\" data-columns=\"3-columns\">\n                <div class=\"o-post o-portfolio-item wow h-zoomInNeuron\" >\n                        <div class=\"o-neuron-hover o-neuron-hover--icon o-neuron-hover--scale\">\n        <div class=\"o-neuron-hover-holder\">\n            <div class=\"o-neuron-hover-holder__header\">\n                                    <a href=\"https:\/\/adrianschvarzstein.com\/fr\/shows\/art-house-17-austria\/\" class=\"o-neuron-hover-holder__header__media\">\n                                                    <div class=\"h-calculated-image\" style=\"padding-bottom: 100.000000% !important;\">\n                                <img decoding=\"async\" width=\"500\" height=\"500\" src=\"https:\/\/adrianschvarzstein.com\/wp-content\/uploads\/2023\/08\/adrianschvarzstein-Art-House-17-003-ret-500x500.jpg\" class=\"attachment-bifrost_image_size_1 size-bifrost_image_size_1 wp-post-image\" alt=\"\" srcset=\"https:\/\/adrianschvarzstein.com\/wp-content\/uploads\/2023\/08\/adrianschvarzstein-Art-House-17-003-ret-500x500.jpg 500w, https:\/\/adrianschvarzstein.com\/wp-content\/uploads\/2023\/08\/adrianschvarzstein-Art-House-17-003-ret-150x150.jpg 150w, https:\/\/adrianschvarzstein.com\/wp-content\/uploads\/2023\/08\/adrianschvarzstein-Art-House-17-003-ret-1000x1000.jpg 1000w\" sizes=\"(max-width: 500px) 100vw, 500px\" \/>                            <\/div>\n                                            <\/a>\n                                                    <div class=\"o-neuron-hover-holder__header__overlay\"><\/div>\n                            <\/div>\n                            <div class=\"o-neuron-hover-holder__body justify-content-center d-flex\">\n                    <div class=\"o-neuron-hover-holder__body__inner d-flex\">\n                        <div class=\"o-neuron-hover-holder__body-meta o-neuron__post-icon\">\n                                                    <\/div>\n                    <\/div>\n                    <a href=\"https:\/\/adrianschvarzstein.com\/fr\/shows\/art-house-17-austria\/\"><\/a>\n                <\/div>\n                        <\/div>\n    <\/div>\n<div class=\"o-portfolio-item__content o-neuron-post__content\">\n            <h5 class=\"o-portfolio-item__title o-neuron-post__title\"><a href=\"https:\/\/adrianschvarzstein.com\/fr\/shows\/art-house-17-austria\/\">Art House 17 ( Austria)<\/a><\/h5>\n        <\/div>                <\/div>\n            <\/div>\n                                <div class=\"selector col-lg-4 col-md-12 col-12 musique-et-opera post-31785 portfolio type-portfolio status-publish has-post-thumbnail hentry portfolio_category-musique-et-opera\" data-id=\"31785\" data-columns=\"3-columns\">\n                <div class=\"o-post o-portfolio-item wow h-zoomInNeuron\" >\n                        <div class=\"o-neuron-hover o-neuron-hover--icon o-neuron-hover--scale\">\n        <div class=\"o-neuron-hover-holder\">\n            <div class=\"o-neuron-hover-holder__header\">\n                                    <a href=\"https:\/\/adrianschvarzstein.com\/fr\/shows\/contratemps-spain\/\" class=\"o-neuron-hover-holder__header__media\">\n                                                    <div class=\"h-calculated-image\" style=\"padding-bottom: 100.000000% !important;\">\n                                <img decoding=\"async\" width=\"500\" height=\"500\" src=\"https:\/\/adrianschvarzstein.com\/wp-content\/uploads\/2023\/08\/adrianschvarzstein-Contratemps-002-500x500.jpg\" class=\"attachment-bifrost_image_size_1 size-bifrost_image_size_1 wp-post-image\" alt=\"\" srcset=\"https:\/\/adrianschvarzstein.com\/wp-content\/uploads\/2023\/08\/adrianschvarzstein-Contratemps-002-500x500.jpg 500w, https:\/\/adrianschvarzstein.com\/wp-content\/uploads\/2023\/08\/adrianschvarzstein-Contratemps-002-150x150.jpg 150w\" sizes=\"(max-width: 500px) 100vw, 500px\" \/>                            <\/div>\n                                            <\/a>\n                                                    <div class=\"o-neuron-hover-holder__header__overlay\"><\/div>\n                            <\/div>\n                            <div class=\"o-neuron-hover-holder__body justify-content-center d-flex\">\n                    <div class=\"o-neuron-hover-holder__body__inner d-flex\">\n                        <div class=\"o-neuron-hover-holder__body-meta o-neuron__post-icon\">\n                                                    <\/div>\n                    <\/div>\n                    <a href=\"https:\/\/adrianschvarzstein.com\/fr\/shows\/contratemps-spain\/\"><\/a>\n                <\/div>\n                        <\/div>\n    <\/div>\n<div class=\"o-portfolio-item__content o-neuron-post__content\">\n            <h5 class=\"o-portfolio-item__title o-neuron-post__title\"><a href=\"https:\/\/adrianschvarzstein.com\/fr\/shows\/contratemps-spain\/\">Contratemps ( Spain )<\/a><\/h5>\n        <\/div>                <\/div>\n            <\/div>\n                                <div class=\"selector col-lg-4 col-md-12 col-12 musique-et-opera post-31795 portfolio type-portfolio status-publish has-post-thumbnail hentry portfolio_category-musique-et-opera\" data-id=\"31795\" data-columns=\"3-columns\">\n                <div class=\"o-post o-portfolio-item wow h-zoomInNeuron\" >\n                        <div class=\"o-neuron-hover o-neuron-hover--icon o-neuron-hover--scale\">\n        <div class=\"o-neuron-hover-holder\">\n            <div class=\"o-neuron-hover-holder__header\">\n                                    <a href=\"https:\/\/adrianschvarzstein.com\/fr\/shows\/teatro-comunale-di-ferrara-italia\/\" class=\"o-neuron-hover-holder__header__media\">\n                                                    <div class=\"h-calculated-image\" style=\"padding-bottom: 100.000000% !important;\">\n                                <img loading=\"lazy\" decoding=\"async\" width=\"500\" height=\"500\" src=\"https:\/\/adrianschvarzstein.com\/wp-content\/uploads\/2023\/08\/adrianschvarzstein-Teatro-Comunale-Di-Ferrara-002-500x500.jpeg\" class=\"attachment-bifrost_image_size_1 size-bifrost_image_size_1 wp-post-image\" alt=\"\" srcset=\"https:\/\/adrianschvarzstein.com\/wp-content\/uploads\/2023\/08\/adrianschvarzstein-Teatro-Comunale-Di-Ferrara-002-500x500.jpeg 500w, https:\/\/adrianschvarzstein.com\/wp-content\/uploads\/2023\/08\/adrianschvarzstein-Teatro-Comunale-Di-Ferrara-002-150x150.jpeg 150w\" sizes=\"(max-width: 500px) 100vw, 500px\" \/>                            <\/div>\n                                            <\/a>\n                                                    <div class=\"o-neuron-hover-holder__header__overlay\"><\/div>\n                            <\/div>\n                            <div class=\"o-neuron-hover-holder__body justify-content-center d-flex\">\n                    <div class=\"o-neuron-hover-holder__body__inner d-flex\">\n                        <div class=\"o-neuron-hover-holder__body-meta o-neuron__post-icon\">\n                                                    <\/div>\n                    <\/div>\n                    <a href=\"https:\/\/adrianschvarzstein.com\/fr\/shows\/teatro-comunale-di-ferrara-italia\/\"><\/a>\n                <\/div>\n                        <\/div>\n    <\/div>\n<div class=\"o-portfolio-item__content o-neuron-post__content\">\n            <h5 class=\"o-portfolio-item__title o-neuron-post__title\"><a href=\"https:\/\/adrianschvarzstein.com\/fr\/shows\/teatro-comunale-di-ferrara-italia\/\">Teatro Comunale Di Ferrara ( Italia )<\/a><\/h5>\n        <\/div>                <\/div>\n            <\/div>\n                                <div class=\"selector col-lg-4 col-md-12 col-12 musique-et-opera post-31805 portfolio type-portfolio status-publish has-post-thumbnail hentry portfolio_category-musique-et-opera\" data-id=\"31805\" data-columns=\"3-columns\">\n                <div class=\"o-post o-portfolio-item wow h-zoomInNeuron\" >\n                        <div class=\"o-neuron-hover o-neuron-hover--icon o-neuron-hover--scale\">\n        <div class=\"o-neuron-hover-holder\">\n            <div class=\"o-neuron-hover-holder__header\">\n                                    <a href=\"https:\/\/adrianschvarzstein.com\/fr\/shows\/styriarte-festival-graz-austria\/\" class=\"o-neuron-hover-holder__header__media\">\n                                                    <div class=\"h-calculated-image\" style=\"padding-bottom: 100.000000% !important;\">\n                                <img loading=\"lazy\" decoding=\"async\" width=\"500\" height=\"500\" src=\"https:\/\/adrianschvarzstein.com\/wp-content\/uploads\/2023\/08\/adrianschvarzstein-Styriarte-Festival-003-500x500.jpg\" class=\"attachment-bifrost_image_size_1 size-bifrost_image_size_1 wp-post-image\" alt=\"\" srcset=\"https:\/\/adrianschvarzstein.com\/wp-content\/uploads\/2023\/08\/adrianschvarzstein-Styriarte-Festival-003-500x500.jpg 500w, https:\/\/adrianschvarzstein.com\/wp-content\/uploads\/2023\/08\/adrianschvarzstein-Styriarte-Festival-003-150x150.jpg 150w\" sizes=\"(max-width: 500px) 100vw, 500px\" \/>                            <\/div>\n                                            <\/a>\n                                                    <div class=\"o-neuron-hover-holder__header__overlay\"><\/div>\n                            <\/div>\n                            <div class=\"o-neuron-hover-holder__body justify-content-center d-flex\">\n                    <div class=\"o-neuron-hover-holder__body__inner d-flex\">\n                        <div class=\"o-neuron-hover-holder__body-meta o-neuron__post-icon\">\n                                                    <\/div>\n                    <\/div>\n                    <a href=\"https:\/\/adrianschvarzstein.com\/fr\/shows\/styriarte-festival-graz-austria\/\"><\/a>\n                <\/div>\n                        <\/div>\n    <\/div>\n<div class=\"o-portfolio-item__content o-neuron-post__content\">\n            <h5 class=\"o-portfolio-item__title o-neuron-post__title\"><a href=\"https:\/\/adrianschvarzstein.com\/fr\/shows\/styriarte-festival-graz-austria\/\">Styriarte Festival &#8211; Graz ( Austria )<\/a><\/h5>\n        <\/div>                <\/div>\n            <\/div>\n            <\/div>\n\n\n\n\n\t\t\t<\/div>\n        <\/div>\n        \t\t\t\t<\/div>\n\t\t\t\t<\/div>\n\t\t\t\t\t<\/div>\n\t\t<\/div>\n\t\t\t\t\t<\/div>\n\t\t<\/section>\n\t\t\t\t<\/div>\n\t\t","protected":false},"excerpt":{"rendered":"<p>Musique Dans le monde merveilleux de la musique, je crois que la mise en sc\u00e8ne de concerts, d&rsquo;op\u00e9ras&#8230;<\/p>\n","protected":false},"author":1,"featured_media":0,"parent":0,"menu_order":116,"comment_status":"closed","ping_status":"closed","template":"","meta":{"_acf_changed":false,"footnotes":""},"class_list":["post-31472","page","type-page","status-publish","hentry"],"acf":[],"yoast_head":"<!-- This site is optimized with the Yoast SEO plugin v27.4 - https:\/\/yoast.com\/product\/yoast-seo-wordpress\/ -->\n<title>Adrian Schvarzstein - Musique<\/title>\n<meta name=\"robots\" content=\"index, follow, max-snippet:-1, max-image-preview:large, max-video-preview:-1\" \/>\n<link rel=\"canonical\" href=\"https:\/\/adrianschvarzstein.com\/fr\/musique\/\" \/>\n<meta property=\"og:locale\" content=\"fr_FR\" \/>\n<meta property=\"og:type\" content=\"article\" \/>\n<meta property=\"og:title\" content=\"Adrian Schvarzstein - Musique\" \/>\n<meta property=\"og:description\" content=\"Musique Dans le monde merveilleux de la musique, je crois que la mise en sc\u00e8ne de concerts, d&rsquo;op\u00e9ras...\" \/>\n<meta property=\"og:url\" content=\"https:\/\/adrianschvarzstein.com\/fr\/musique\/\" \/>\n<meta property=\"og:site_name\" content=\"Adrian Schvarzstein\" \/>\n<meta property=\"article:modified_time\" content=\"2023-09-04T15:22:15+00:00\" \/>\n<meta property=\"og:image\" content=\"https:\/\/adrianschvarzstein.com\/wp-content\/uploads\/2023\/08\/adrianschvarzstein-Senuju-Menu-Studija-001-500x500.jpg\" \/>\n<meta name=\"twitter:card\" content=\"summary_large_image\" \/>\n<meta name=\"twitter:label1\" content=\"Dur\u00e9e de lecture estim\u00e9e\" \/>\n\t<meta name=\"twitter:data1\" content=\"2 minutes\" \/>\n<script type=\"application\/ld+json\" class=\"yoast-schema-graph\">{\"@context\":\"https:\\\/\\\/schema.org\",\"@graph\":[{\"@type\":\"WebPage\",\"@id\":\"https:\\\/\\\/adrianschvarzstein.com\\\/fr\\\/musique\\\/\",\"url\":\"https:\\\/\\\/adrianschvarzstein.com\\\/fr\\\/musique\\\/\",\"name\":\"Adrian Schvarzstein - Musique\",\"isPartOf\":{\"@id\":\"https:\\\/\\\/adrianschvarzstein.com\\\/#website\"},\"primaryImageOfPage\":{\"@id\":\"https:\\\/\\\/adrianschvarzstein.com\\\/fr\\\/musique\\\/#primaryimage\"},\"image\":{\"@id\":\"https:\\\/\\\/adrianschvarzstein.com\\\/fr\\\/musique\\\/#primaryimage\"},\"thumbnailUrl\":\"https:\\\/\\\/adrianschvarzstein.com\\\/wp-content\\\/uploads\\\/2023\\\/08\\\/adrianschvarzstein-Senuju-Menu-Studija-001-500x500.jpg\",\"datePublished\":\"2023-08-11T03:08:44+00:00\",\"dateModified\":\"2023-09-04T15:22:15+00:00\",\"breadcrumb\":{\"@id\":\"https:\\\/\\\/adrianschvarzstein.com\\\/fr\\\/musique\\\/#breadcrumb\"},\"inLanguage\":\"fr-FR\",\"potentialAction\":[{\"@type\":\"ReadAction\",\"target\":[\"https:\\\/\\\/adrianschvarzstein.com\\\/fr\\\/musique\\\/\"]}]},{\"@type\":\"ImageObject\",\"inLanguage\":\"fr-FR\",\"@id\":\"https:\\\/\\\/adrianschvarzstein.com\\\/fr\\\/musique\\\/#primaryimage\",\"url\":\"https:\\\/\\\/adrianschvarzstein.com\\\/wp-content\\\/uploads\\\/2023\\\/08\\\/adrianschvarzstein-Senuju-Menu-Studija-001-500x500.jpg\",\"contentUrl\":\"https:\\\/\\\/adrianschvarzstein.com\\\/wp-content\\\/uploads\\\/2023\\\/08\\\/adrianschvarzstein-Senuju-Menu-Studija-001-500x500.jpg\"},{\"@type\":\"BreadcrumbList\",\"@id\":\"https:\\\/\\\/adrianschvarzstein.com\\\/fr\\\/musique\\\/#breadcrumb\",\"itemListElement\":[{\"@type\":\"ListItem\",\"position\":1,\"name\":\"Home\",\"item\":\"https:\\\/\\\/adrianschvarzstein.com\\\/fr\\\/\"},{\"@type\":\"ListItem\",\"position\":2,\"name\":\"Musique\"}]},{\"@type\":\"WebSite\",\"@id\":\"https:\\\/\\\/adrianschvarzstein.com\\\/#website\",\"url\":\"https:\\\/\\\/adrianschvarzstein.com\\\/\",\"name\":\"Adrian Schvarzstein\",\"description\":\"Adrian Schvarzstein est un artiste de spectacle tr\u00e8s \u00e9nergique ! Il joue et chante \u00e9galement dans des op\u00e9ras et des compagnies de musique baroque.\",\"publisher\":{\"@id\":\"https:\\\/\\\/adrianschvarzstein.com\\\/#organization\"},\"potentialAction\":[{\"@type\":\"SearchAction\",\"target\":{\"@type\":\"EntryPoint\",\"urlTemplate\":\"https:\\\/\\\/adrianschvarzstein.com\\\/?s={search_term_string}\"},\"query-input\":{\"@type\":\"PropertyValueSpecification\",\"valueRequired\":true,\"valueName\":\"search_term_string\"}}],\"inLanguage\":\"fr-FR\"},{\"@type\":\"Organization\",\"@id\":\"https:\\\/\\\/adrianschvarzstein.com\\\/#organization\",\"name\":\"Adrian Schvarzstein\",\"url\":\"https:\\\/\\\/adrianschvarzstein.com\\\/\",\"logo\":{\"@type\":\"ImageObject\",\"inLanguage\":\"fr-FR\",\"@id\":\"https:\\\/\\\/adrianschvarzstein.com\\\/#\\\/schema\\\/logo\\\/image\\\/\",\"url\":\"https:\\\/\\\/adrianschvarzstein.com\\\/wp-content\\\/uploads\\\/2023\\\/09\\\/adrianschvarzstein-seoimage.jpg\",\"contentUrl\":\"https:\\\/\\\/adrianschvarzstein.com\\\/wp-content\\\/uploads\\\/2023\\\/09\\\/adrianschvarzstein-seoimage.jpg\",\"width\":1191,\"height\":628,\"caption\":\"Adrian Schvarzstein\"},\"image\":{\"@id\":\"https:\\\/\\\/adrianschvarzstein.com\\\/#\\\/schema\\\/logo\\\/image\\\/\"}}]}<\/script>\n<!-- \/ Yoast SEO plugin. -->","yoast_head_json":{"title":"Adrian Schvarzstein - Musique","robots":{"index":"index","follow":"follow","max-snippet":"max-snippet:-1","max-image-preview":"max-image-preview:large","max-video-preview":"max-video-preview:-1"},"canonical":"https:\/\/adrianschvarzstein.com\/fr\/musique\/","og_locale":"fr_FR","og_type":"article","og_title":"Adrian Schvarzstein - Musique","og_description":"Musique Dans le monde merveilleux de la musique, je crois que la mise en sc\u00e8ne de concerts, d&rsquo;op\u00e9ras...","og_url":"https:\/\/adrianschvarzstein.com\/fr\/musique\/","og_site_name":"Adrian Schvarzstein","article_modified_time":"2023-09-04T15:22:15+00:00","og_image":[{"url":"https:\/\/adrianschvarzstein.com\/wp-content\/uploads\/2023\/08\/adrianschvarzstein-Senuju-Menu-Studija-001-500x500.jpg","type":"","width":"","height":""}],"twitter_card":"summary_large_image","twitter_misc":{"Dur\u00e9e de lecture estim\u00e9e":"2 minutes"},"schema":{"@context":"https:\/\/schema.org","@graph":[{"@type":"WebPage","@id":"https:\/\/adrianschvarzstein.com\/fr\/musique\/","url":"https:\/\/adrianschvarzstein.com\/fr\/musique\/","name":"Adrian Schvarzstein - Musique","isPartOf":{"@id":"https:\/\/adrianschvarzstein.com\/#website"},"primaryImageOfPage":{"@id":"https:\/\/adrianschvarzstein.com\/fr\/musique\/#primaryimage"},"image":{"@id":"https:\/\/adrianschvarzstein.com\/fr\/musique\/#primaryimage"},"thumbnailUrl":"https:\/\/adrianschvarzstein.com\/wp-content\/uploads\/2023\/08\/adrianschvarzstein-Senuju-Menu-Studija-001-500x500.jpg","datePublished":"2023-08-11T03:08:44+00:00","dateModified":"2023-09-04T15:22:15+00:00","breadcrumb":{"@id":"https:\/\/adrianschvarzstein.com\/fr\/musique\/#breadcrumb"},"inLanguage":"fr-FR","potentialAction":[{"@type":"ReadAction","target":["https:\/\/adrianschvarzstein.com\/fr\/musique\/"]}]},{"@type":"ImageObject","inLanguage":"fr-FR","@id":"https:\/\/adrianschvarzstein.com\/fr\/musique\/#primaryimage","url":"https:\/\/adrianschvarzstein.com\/wp-content\/uploads\/2023\/08\/adrianschvarzstein-Senuju-Menu-Studija-001-500x500.jpg","contentUrl":"https:\/\/adrianschvarzstein.com\/wp-content\/uploads\/2023\/08\/adrianschvarzstein-Senuju-Menu-Studija-001-500x500.jpg"},{"@type":"BreadcrumbList","@id":"https:\/\/adrianschvarzstein.com\/fr\/musique\/#breadcrumb","itemListElement":[{"@type":"ListItem","position":1,"name":"Home","item":"https:\/\/adrianschvarzstein.com\/fr\/"},{"@type":"ListItem","position":2,"name":"Musique"}]},{"@type":"WebSite","@id":"https:\/\/adrianschvarzstein.com\/#website","url":"https:\/\/adrianschvarzstein.com\/","name":"Adrian Schvarzstein","description":"Adrian Schvarzstein est un artiste de spectacle tr\u00e8s \u00e9nergique ! Il joue et chante \u00e9galement dans des op\u00e9ras et des compagnies de musique baroque.","publisher":{"@id":"https:\/\/adrianschvarzstein.com\/#organization"},"potentialAction":[{"@type":"SearchAction","target":{"@type":"EntryPoint","urlTemplate":"https:\/\/adrianschvarzstein.com\/?s={search_term_string}"},"query-input":{"@type":"PropertyValueSpecification","valueRequired":true,"valueName":"search_term_string"}}],"inLanguage":"fr-FR"},{"@type":"Organization","@id":"https:\/\/adrianschvarzstein.com\/#organization","name":"Adrian Schvarzstein","url":"https:\/\/adrianschvarzstein.com\/","logo":{"@type":"ImageObject","inLanguage":"fr-FR","@id":"https:\/\/adrianschvarzstein.com\/#\/schema\/logo\/image\/","url":"https:\/\/adrianschvarzstein.com\/wp-content\/uploads\/2023\/09\/adrianschvarzstein-seoimage.jpg","contentUrl":"https:\/\/adrianschvarzstein.com\/wp-content\/uploads\/2023\/09\/adrianschvarzstein-seoimage.jpg","width":1191,"height":628,"caption":"Adrian Schvarzstein"},"image":{"@id":"https:\/\/adrianschvarzstein.com\/#\/schema\/logo\/image\/"}}]}},"_links":{"self":[{"href":"https:\/\/adrianschvarzstein.com\/fr\/wp-json\/wp\/v2\/pages\/31472","targetHints":{"allow":["GET"]}}],"collection":[{"href":"https:\/\/adrianschvarzstein.com\/fr\/wp-json\/wp\/v2\/pages"}],"about":[{"href":"https:\/\/adrianschvarzstein.com\/fr\/wp-json\/wp\/v2\/types\/page"}],"author":[{"embeddable":true,"href":"https:\/\/adrianschvarzstein.com\/fr\/wp-json\/wp\/v2\/users\/1"}],"replies":[{"embeddable":true,"href":"https:\/\/adrianschvarzstein.com\/fr\/wp-json\/wp\/v2\/comments?post=31472"}],"version-history":[{"count":0,"href":"https:\/\/adrianschvarzstein.com\/fr\/wp-json\/wp\/v2\/pages\/31472\/revisions"}],"wp:attachment":[{"href":"https:\/\/adrianschvarzstein.com\/fr\/wp-json\/wp\/v2\/media?parent=31472"}],"curies":[{"name":"wp","href":"https:\/\/api.w.org\/{rel}","templated":true}]}}