{"id":31558,"date":"2018-09-11T15:12:33","date_gmt":"2018-09-11T13:12:33","guid":{"rendered":"https:\/\/adrianschvarzstein.com\/future-projects\/"},"modified":"2023-09-21T11:12:42","modified_gmt":"2023-09-21T09:12:42","slug":"futuros-proyectos","status":"publish","type":"page","link":"https:\/\/adrianschvarzstein.com\/es\/futuros-proyectos\/","title":{"rendered":"Futuros proyectos"},"content":{"rendered":"\t\t<div data-elementor-type=\"wp-post\" data-elementor-id=\"31558\" class=\"elementor elementor-31558 elementor-50\">\n\t\t\t\t\t\t<section class=\"elementor-section elementor-top-section elementor-element elementor-element-51b0f57 elementor-section-boxed elementor-section-height-default elementor-section-height-default neuron-fixed-no\" data-id=\"51b0f57\" data-element_type=\"section\" data-e-type=\"section\">\n\t\t\t\t\t\t<div class=\"elementor-container elementor-column-gap-default\">\n\t\t\t\t\t<div class=\"elementor-column elementor-col-100 elementor-top-column elementor-element elementor-element-bcb9ffd\" data-id=\"bcb9ffd\" data-element_type=\"column\" data-e-type=\"column\">\n\t\t\t<div class=\"elementor-widget-wrap elementor-element-populated\">\n\t\t\t\t\t\t<div class=\"elementor-element elementor-element-9e8d478 elementor-position-inline-start elementor-mobile-position-inline-start elementor-view-default elementor-widget elementor-widget-icon-box\" data-id=\"9e8d478\" data-element_type=\"widget\" data-e-type=\"widget\" data-widget_type=\"icon-box.default\">\n\t\t\t\t<div class=\"elementor-widget-container\">\n\t\t\t\t\t\t\t<div class=\"elementor-icon-box-wrapper\">\n\n\t\t\t\t\t\t<div class=\"elementor-icon-box-icon\">\n\t\t\t\t<span  class=\"elementor-icon\">\n\t\t\t\t<i aria-hidden=\"true\" class=\"far fa-clock\"><\/i>\t\t\t\t<\/span>\n\t\t\t<\/div>\n\t\t\t\n\t\t\t\t\t\t<div class=\"elementor-icon-box-content\">\n\n\t\t\t\t\t\t\t\t\t<h1 class=\"elementor-icon-box-title\">\n\t\t\t\t\t\t<span  >\n\t\t\t\t\t\t\tFuturos proyectos\t\t\t\t\t\t<\/span>\n\t\t\t\t\t<\/h1>\n\t\t\t\t\n\t\t\t\t\n\t\t\t<\/div>\n\t\t\t\n\t\t<\/div>\n\t\t\t\t\t\t<\/div>\n\t\t\t\t<\/div>\n\t\t\t\t\t<\/div>\n\t\t<\/div>\n\t\t\t\t\t<\/div>\n\t\t<\/section>\n\t\t\t\t<section class=\"elementor-section elementor-top-section elementor-element elementor-element-3034c2e elementor-section-boxed elementor-section-height-default elementor-section-height-default neuron-fixed-no\" data-id=\"3034c2e\" data-element_type=\"section\" data-e-type=\"section\">\n\t\t\t\t\t\t<div class=\"elementor-container elementor-column-gap-no\">\n\t\t\t\t\t<div class=\"elementor-column elementor-col-50 elementor-top-column elementor-element elementor-element-90f5fb5\" data-id=\"90f5fb5\" data-element_type=\"column\" data-e-type=\"column\">\n\t\t\t<div class=\"elementor-widget-wrap elementor-element-populated\">\n\t\t\t\t\t\t<div class=\"elementor-element elementor-element-e9fd229 elementor-widget elementor-widget-heading\" data-id=\"e9fd229\" data-element_type=\"widget\" data-e-type=\"widget\" data-widget_type=\"heading.default\">\n\t\t\t\t<div class=\"elementor-widget-container\">\n\t\t\t\t\t<h1 class=\"elementor-heading-title elementor-size-default\">Il combattimento di Tancredi e Clorinda<\/h1>\t\t\t\t<\/div>\n\t\t\t\t<\/div>\n\t\t\t\t<div class=\"elementor-element elementor-element-2ae6a14 elementor-widget elementor-widget-text-editor\" data-id=\"2ae6a14\" data-element_type=\"widget\" data-e-type=\"widget\" data-widget_type=\"text-editor.default\">\n\t\t\t\t<div class=\"elementor-widget-container\">\n\t\t\t\t\t\t\t\t\t<p>El Ensemble Contratemps recrea el m\u00edtico estreno de la obra de Monteverdi combinando virtuosismo musical y vocal con elementos circenses y buenas dosis de humor.<\/p>\n<p>A principios del siglo XVII naci\u00f3 en Italia un g\u00e9nero que revolucionar\u00eda la historia de la m\u00fasica: la \u00f3pera, con la idea de poder expresar toda la pasi\u00f3n de la poes\u00eda, alej\u00e1ndola del artificio del Renacimiento. Este nuevo g\u00e9nero de teatro musical, defendido por compositores como Monteverdi, Caccini y Peri, triunf\u00f3 en todas las cortes, primero en el norte de Italia y luego en toda Europa. <\/p>\n\t\t\t\t\t\t\t\t<\/div>\n\t\t\t\t<\/div>\n\t\t\t\t\t<\/div>\n\t\t<\/div>\n\t\t\t\t<div class=\"elementor-column elementor-col-50 elementor-top-column elementor-element elementor-element-e001302\" data-id=\"e001302\" data-element_type=\"column\" data-e-type=\"column\" data-settings=\"{&quot;background_background&quot;:&quot;classic&quot;}\">\n\t\t\t<div class=\"elementor-widget-wrap elementor-element-populated\">\n\t\t\t\t\t\t<div class=\"elementor-element elementor-element-a664ded elementor-widget elementor-widget-image\" data-id=\"a664ded\" data-element_type=\"widget\" data-e-type=\"widget\" data-widget_type=\"image.default\">\n\t\t\t\t<div class=\"elementor-widget-container\">\n\t\t\t\t\t\t\t\t\t\t\t\t\t\t\t<img fetchpriority=\"high\" decoding=\"async\" width=\"1250\" height=\"983\" src=\"https:\/\/adrianschvarzstein.com\/wp-content\/uploads\/2023\/09\/adrianschvarzstein-Il-combattimento-di-Tancredi-e-Clorinda.jpg\" class=\"attachment-1536x1536 size-1536x1536 wp-image-31936\" alt=\"\" srcset=\"https:\/\/adrianschvarzstein.com\/wp-content\/uploads\/2023\/09\/adrianschvarzstein-Il-combattimento-di-Tancredi-e-Clorinda.jpg 1250w, https:\/\/adrianschvarzstein.com\/wp-content\/uploads\/2023\/09\/adrianschvarzstein-Il-combattimento-di-Tancredi-e-Clorinda-300x236.jpg 300w, https:\/\/adrianschvarzstein.com\/wp-content\/uploads\/2023\/09\/adrianschvarzstein-Il-combattimento-di-Tancredi-e-Clorinda-1024x805.jpg 1024w, https:\/\/adrianschvarzstein.com\/wp-content\/uploads\/2023\/09\/adrianschvarzstein-Il-combattimento-di-Tancredi-e-Clorinda-768x604.jpg 768w\" sizes=\"(max-width: 1250px) 100vw, 1250px\" \/>\t\t\t\t\t\t\t\t\t\t\t\t\t\t\t<\/div>\n\t\t\t\t<\/div>\n\t\t\t\t\t<\/div>\n\t\t<\/div>\n\t\t\t\t\t<\/div>\n\t\t<\/section>\n\t\t\t\t<section class=\"elementor-section elementor-top-section elementor-element elementor-element-6c3f874 elementor-reverse-tablet elementor-reverse-mobile elementor-section-boxed elementor-section-height-default elementor-section-height-default neuron-fixed-no\" data-id=\"6c3f874\" data-element_type=\"section\" data-e-type=\"section\">\n\t\t\t\t\t\t<div class=\"elementor-container elementor-column-gap-no\">\n\t\t\t\t\t<div class=\"elementor-column elementor-col-50 elementor-top-column elementor-element elementor-element-8bb0b9c\" data-id=\"8bb0b9c\" data-element_type=\"column\" data-e-type=\"column\" data-settings=\"{&quot;background_background&quot;:&quot;classic&quot;}\">\n\t\t\t<div class=\"elementor-widget-wrap elementor-element-populated\">\n\t\t\t\t\t\t<div class=\"elementor-element elementor-element-8abc666 elementor-widget elementor-widget-video\" data-id=\"8abc666\" data-element_type=\"widget\" data-e-type=\"widget\" data-settings=\"{&quot;video_type&quot;:&quot;hosted&quot;,&quot;show_image_overlay&quot;:&quot;yes&quot;,&quot;image_overlay&quot;:{&quot;url&quot;:&quot;https:\\\/\\\/adrianschvarzstein.com\\\/wp-content\\\/uploads\\\/2023\\\/08\\\/video-shtetl-img.jpg&quot;,&quot;id&quot;:30884,&quot;size&quot;:&quot;&quot;,&quot;alt&quot;:&quot;&quot;,&quot;source&quot;:&quot;library&quot;},&quot;controls&quot;:&quot;yes&quot;}\" data-widget_type=\"video.default\">\n\t\t\t\t<div class=\"elementor-widget-container\">\n\t\t\t\t\t\t\t<div class=\"e-hosted-video elementor-wrapper elementor-open-inline\">\n\t\t\t\t\t<video class=\"elementor-video\" src=\"https:\/\/adrianschvarzstein.com\/wp-content\/uploads\/2023\/08\/video-shtetl.mp4\" controls=\"\" preload=\"metadata\" controlsList=\"nodownload\" poster=\"https:\/\/adrianschvarzstein.com\/wp-content\/uploads\/2023\/08\/video-shtetl-img.jpg\"><\/video>\n\t\t\t\t\t\t<div class=\"elementor-custom-embed-image-overlay\" style=\"background-image: url(https:\/\/adrianschvarzstein.com\/wp-content\/uploads\/2023\/08\/video-shtetl-img.jpg);\">\n\t\t\t\t\t\t\t\t\t\t\t\t\t\t\t\t<div class=\"elementor-custom-embed-play\" role=\"button\" aria-label=\"Reproducir v\u00eddeo\" tabindex=\"0\">\n\t\t\t\t\t\t\t<i aria-hidden=\"true\" class=\"eicon-play\"><\/i>\t\t\t\t\t\t<\/div>\n\t\t\t\t\t\t\t\t\t<\/div>\n\t\t\t\t\t<\/div>\n\t\t\t\t\t\t<\/div>\n\t\t\t\t<\/div>\n\t\t\t\t\t<\/div>\n\t\t<\/div>\n\t\t\t\t<div class=\"elementor-column elementor-col-50 elementor-top-column elementor-element elementor-element-84dccf8\" data-id=\"84dccf8\" data-element_type=\"column\" data-e-type=\"column\">\n\t\t\t<div class=\"elementor-widget-wrap elementor-element-populated\">\n\t\t\t\t\t\t<div class=\"elementor-element elementor-element-959801b elementor-widget elementor-widget-heading\" data-id=\"959801b\" data-element_type=\"widget\" data-e-type=\"widget\" data-widget_type=\"heading.default\">\n\t\t\t\t<div class=\"elementor-widget-container\">\n\t\t\t\t\t<h1 class=\"elementor-heading-title elementor-size-default\">Shtetl<\/h1>\t\t\t\t<\/div>\n\t\t\t\t<\/div>\n\t\t\t\t<div class=\"elementor-element elementor-element-d7a0d78 elementor-widget elementor-widget-text-editor\" data-id=\"d7a0d78\" data-element_type=\"widget\" data-e-type=\"widget\" data-widget_type=\"text-editor.default\">\n\t\t\t\t<div class=\"elementor-widget-container\">\n\t\t\t\t\t\t\t\t\t<div class=\"gmail_default\">\u2026 Y si tuvi\u00e9ramos que abandonar nuestros hogares, o volver a nuestra vieja casa, ya destruida por el tiempo y el olvido\u2026 y si nuestra vida es la b\u00fasqueda de ese nido donde construir algo nuevo\u2026 <span class=\"il\">Shtetl<\/span> quiere ser la respuesta, o la pregunta, en definitiva, seguro que este proyecto de teatro de calle nos vuelve a cautivar a todos. <\/div>\n<div class=\"gmail_default\"> <\/div>\n\t\t\t\t\t\t\t\t<\/div>\n\t\t\t\t<\/div>\n\t\t\t\t\t<\/div>\n\t\t<\/div>\n\t\t\t\t\t<\/div>\n\t\t<\/section>\n\t\t\t\t<section class=\"elementor-section elementor-top-section elementor-element elementor-element-6c1e6d4 elementor-section-boxed elementor-section-height-default elementor-section-height-default neuron-fixed-no\" data-id=\"6c1e6d4\" data-element_type=\"section\" data-e-type=\"section\">\n\t\t\t\t\t\t<div class=\"elementor-container elementor-column-gap-no\">\n\t\t\t\t\t<div class=\"elementor-column elementor-col-50 elementor-top-column elementor-element elementor-element-768bce1\" data-id=\"768bce1\" data-element_type=\"column\" data-e-type=\"column\">\n\t\t\t<div class=\"elementor-widget-wrap elementor-element-populated\">\n\t\t\t\t\t\t<div class=\"elementor-element elementor-element-843efbb elementor-widget elementor-widget-heading\" data-id=\"843efbb\" data-element_type=\"widget\" data-e-type=\"widget\" data-widget_type=\"heading.default\">\n\t\t\t\t<div class=\"elementor-widget-container\">\n\t\t\t\t\t<h1 class=\"elementor-heading-title elementor-size-default\">Mortem ( or \"The quintet of death\")<\/h1>\t\t\t\t<\/div>\n\t\t\t\t<\/div>\n\t\t\t\t<div class=\"elementor-element elementor-element-afd158b elementor-widget elementor-widget-text-editor\" data-id=\"afd158b\" data-element_type=\"widget\" data-e-type=\"widget\" data-widget_type=\"text-editor.default\">\n\t\t\t\t<div class=\"elementor-widget-container\">\n\t\t\t\t\t\t\t\t\t<div>QU\u00c9 nos ocurre cuando dejamos de existir, cuando al ser humano, que durante toda una vida ha luchado por crearse su espacio en este mundo, le llega el momento de marcharse, de abandonarlo todo para emprender un nuevo viaje hacia algo desconocido.<\/div>\n<div>Este espect\u00e1culo quiere reflexionar sobre la Muerte, desde muchas y variadas perspectivas, incluyendo un enfoque alegre y relajado.<\/div>\n<div class=\"gmail_default\"> <\/div>\n\t\t\t\t\t\t\t\t<\/div>\n\t\t\t\t<\/div>\n\t\t\t\t\t<\/div>\n\t\t<\/div>\n\t\t\t\t<div class=\"elementor-column elementor-col-50 elementor-top-column elementor-element elementor-element-5178570\" data-id=\"5178570\" data-element_type=\"column\" data-e-type=\"column\" data-settings=\"{&quot;background_background&quot;:&quot;classic&quot;}\">\n\t\t\t<div class=\"elementor-widget-wrap elementor-element-populated\">\n\t\t\t\t\t\t<div class=\"elementor-element elementor-element-10963be elementor-widget elementor-widget-image\" data-id=\"10963be\" data-element_type=\"widget\" data-e-type=\"widget\" data-widget_type=\"image.default\">\n\t\t\t\t<div class=\"elementor-widget-container\">\n\t\t\t\t\t\t\t\t\t\t\t\t\t\t\t<img decoding=\"async\" width=\"952\" height=\"710\" src=\"https:\/\/adrianschvarzstein.com\/wp-content\/uploads\/2023\/08\/adrianschvarzstein-Mortem001-e1693499577475.jpg\" class=\"attachment-1536x1536 size-1536x1536 wp-image-31437\" alt=\"\" srcset=\"https:\/\/adrianschvarzstein.com\/wp-content\/uploads\/2023\/08\/adrianschvarzstein-Mortem001-e1693499577475.jpg 952w, https:\/\/adrianschvarzstein.com\/wp-content\/uploads\/2023\/08\/adrianschvarzstein-Mortem001-e1693499577475-300x224.jpg 300w, https:\/\/adrianschvarzstein.com\/wp-content\/uploads\/2023\/08\/adrianschvarzstein-Mortem001-e1693499577475-768x573.jpg 768w\" sizes=\"(max-width: 952px) 100vw, 952px\" \/>\t\t\t\t\t\t\t\t\t\t\t\t\t\t\t<\/div>\n\t\t\t\t<\/div>\n\t\t\t\t\t<\/div>\n\t\t<\/div>\n\t\t\t\t\t<\/div>\n\t\t<\/section>\n\t\t\t\t<section class=\"elementor-section elementor-top-section elementor-element elementor-element-d716f9c elementor-reverse-tablet elementor-reverse-mobile elementor-section-boxed elementor-section-height-default elementor-section-height-default neuron-fixed-no\" data-id=\"d716f9c\" data-element_type=\"section\" data-e-type=\"section\">\n\t\t\t\t\t\t<div class=\"elementor-container elementor-column-gap-no\">\n\t\t\t\t\t<div class=\"elementor-column elementor-col-50 elementor-top-column elementor-element elementor-element-0f83c15\" data-id=\"0f83c15\" data-element_type=\"column\" data-e-type=\"column\" data-settings=\"{&quot;background_background&quot;:&quot;classic&quot;}\">\n\t\t\t<div class=\"elementor-widget-wrap elementor-element-populated\">\n\t\t\t\t\t\t<div class=\"elementor-element elementor-element-e9a685f elementor-widget elementor-widget-video\" data-id=\"e9a685f\" data-element_type=\"widget\" data-e-type=\"widget\" data-settings=\"{&quot;youtube_url&quot;:&quot;https:\\\/\\\/www.youtube.com\\\/watch?v=7RqKTT0vqxI&quot;,&quot;lazy_load&quot;:&quot;yes&quot;,&quot;video_type&quot;:&quot;youtube&quot;,&quot;controls&quot;:&quot;yes&quot;}\" data-widget_type=\"video.default\">\n\t\t\t\t<div class=\"elementor-widget-container\">\n\t\t\t\t\t\t\t<div class=\"elementor-wrapper elementor-open-inline\">\n\t\t\t<div class=\"elementor-video\"><\/div>\t\t<\/div>\n\t\t\t\t\t\t<\/div>\n\t\t\t\t<\/div>\n\t\t\t\t\t<\/div>\n\t\t<\/div>\n\t\t\t\t<div class=\"elementor-column elementor-col-50 elementor-top-column elementor-element elementor-element-5b619d1\" data-id=\"5b619d1\" data-element_type=\"column\" data-e-type=\"column\">\n\t\t\t<div class=\"elementor-widget-wrap elementor-element-populated\">\n\t\t\t\t\t\t<div class=\"elementor-element elementor-element-1505972 elementor-widget elementor-widget-heading\" data-id=\"1505972\" data-element_type=\"widget\" data-e-type=\"widget\" data-widget_type=\"heading.default\">\n\t\t\t\t<div class=\"elementor-widget-container\">\n\t\t\t\t\t<h1 class=\"elementor-heading-title elementor-size-default\">The Cocodrile bar<\/h1>\t\t\t\t<\/div>\n\t\t\t\t<\/div>\n\t\t\t\t<div class=\"elementor-element elementor-element-cdd97d6 elementor-widget elementor-widget-heading\" data-id=\"cdd97d6\" data-element_type=\"widget\" data-e-type=\"widget\" data-widget_type=\"heading.default\">\n\t\t\t\t<div class=\"elementor-widget-container\">\n\t\t\t\t\t<div class=\"elementor-heading-title elementor-size-default\"><a href=\"https:\/\/oudemuziek.nl\/musici\/fom23-%C4%81rt-house-17-michael-hell\/\" target=\"_blank\">\u0100Rt House 17 \/ Michael Hell<\/a><\/div>\t\t\t\t<\/div>\n\t\t\t\t<\/div>\n\t\t\t\t<div class=\"elementor-element elementor-element-e196235 elementor-widget elementor-widget-text-editor\" data-id=\"e196235\" data-element_type=\"widget\" data-e-type=\"widget\" data-widget_type=\"text-editor.default\">\n\t\t\t\t<div class=\"elementor-widget-container\">\n\t\t\t\t\t\t\t\t\t<div>\u0100RT HOUSE 17 es una formaci\u00f3n musical dirigida por Michael Hell. Adem\u00e1s de utilizar instrumentos hist\u00f3ricos, el grupo considera importante hacer justicia al contexto m\u00e1s amplio en el que se interpret\u00f3 originalmente la m\u00fasica. La cuesti\u00f3n central es: \u00bfqu\u00e9 tiene que decir esta m\u00fasica todav\u00eda hoy? En los \u00faltimos a\u00f1os, \u0100RT HOUSE 17 ha sido responsable de los exitosos espect\u00e1culos de teatro musical Il Ciarlatano y Kaffeekantate en Utrecht. Tambi\u00e9n cre\u00f3 la Pasi\u00f3n de Utrecht durante el Festival de M\u00fasica Antigua de Utrecht 2022.    <\/div>\n<div class=\"gmail_default\"> <\/div>\n\t\t\t\t\t\t\t\t<\/div>\n\t\t\t\t<\/div>\n\t\t\t\t\t<\/div>\n\t\t<\/div>\n\t\t\t\t\t<\/div>\n\t\t<\/section>\n\t\t\t\t<\/div>\n\t\t","protected":false},"excerpt":{"rendered":"<p>Futuros proyectos Il combattimento di Tancredi e Clorinda El Ensemble Contratemps recrea el m\u00edtico estreno de la obra&#8230;<\/p>\n","protected":false},"author":1,"featured_media":0,"parent":0,"menu_order":116,"comment_status":"closed","ping_status":"closed","template":"","meta":{"_acf_changed":false,"footnotes":""},"class_list":["post-31558","page","type-page","status-publish","hentry"],"acf":[],"yoast_head":"<!-- This site is optimized with the Yoast SEO plugin v27.4 - https:\/\/yoast.com\/product\/yoast-seo-wordpress\/ -->\n<title>Adrian Schvarzstein - Futuros proyectos<\/title>\n<meta name=\"robots\" content=\"index, follow, max-snippet:-1, max-image-preview:large, max-video-preview:-1\" \/>\n<link rel=\"canonical\" href=\"https:\/\/adrianschvarzstein.com\/es\/futuros-proyectos\/\" \/>\n<meta property=\"og:locale\" content=\"es_ES\" \/>\n<meta property=\"og:type\" content=\"article\" \/>\n<meta property=\"og:title\" content=\"Adrian Schvarzstein - Futuros proyectos\" \/>\n<meta property=\"og:description\" content=\"Futuros proyectos Il combattimento di Tancredi e Clorinda El Ensemble Contratemps recrea el m\u00edtico estreno de la obra...\" \/>\n<meta property=\"og:url\" content=\"https:\/\/adrianschvarzstein.com\/es\/futuros-proyectos\/\" \/>\n<meta property=\"og:site_name\" content=\"Adrian Schvarzstein\" \/>\n<meta property=\"article:modified_time\" content=\"2023-09-21T09:12:42+00:00\" \/>\n<meta property=\"og:image\" content=\"https:\/\/adrianschvarzstein.com\/wp-content\/uploads\/2023\/09\/adrianschvarzstein-Il-combattimento-di-Tancredi-e-Clorinda.jpg\" \/>\n<meta name=\"twitter:card\" content=\"summary_large_image\" \/>\n<meta name=\"twitter:label1\" content=\"Tiempo de lectura\" \/>\n\t<meta name=\"twitter:data1\" content=\"2 minutos\" \/>\n<script type=\"application\/ld+json\" class=\"yoast-schema-graph\">{\"@context\":\"https:\\\/\\\/schema.org\",\"@graph\":[{\"@type\":\"WebPage\",\"@id\":\"https:\\\/\\\/adrianschvarzstein.com\\\/es\\\/futuros-proyectos\\\/\",\"url\":\"https:\\\/\\\/adrianschvarzstein.com\\\/es\\\/futuros-proyectos\\\/\",\"name\":\"Adrian Schvarzstein - Futuros proyectos\",\"isPartOf\":{\"@id\":\"https:\\\/\\\/adrianschvarzstein.com\\\/#website\"},\"primaryImageOfPage\":{\"@id\":\"https:\\\/\\\/adrianschvarzstein.com\\\/es\\\/futuros-proyectos\\\/#primaryimage\"},\"image\":{\"@id\":\"https:\\\/\\\/adrianschvarzstein.com\\\/es\\\/futuros-proyectos\\\/#primaryimage\"},\"thumbnailUrl\":\"https:\\\/\\\/adrianschvarzstein.com\\\/wp-content\\\/uploads\\\/2023\\\/09\\\/adrianschvarzstein-Il-combattimento-di-Tancredi-e-Clorinda.jpg\",\"datePublished\":\"2018-09-11T13:12:33+00:00\",\"dateModified\":\"2023-09-21T09:12:42+00:00\",\"breadcrumb\":{\"@id\":\"https:\\\/\\\/adrianschvarzstein.com\\\/es\\\/futuros-proyectos\\\/#breadcrumb\"},\"inLanguage\":\"es\",\"potentialAction\":[{\"@type\":\"ReadAction\",\"target\":[\"https:\\\/\\\/adrianschvarzstein.com\\\/es\\\/futuros-proyectos\\\/\"]}]},{\"@type\":\"ImageObject\",\"inLanguage\":\"es\",\"@id\":\"https:\\\/\\\/adrianschvarzstein.com\\\/es\\\/futuros-proyectos\\\/#primaryimage\",\"url\":\"https:\\\/\\\/adrianschvarzstein.com\\\/wp-content\\\/uploads\\\/2023\\\/09\\\/adrianschvarzstein-Il-combattimento-di-Tancredi-e-Clorinda.jpg\",\"contentUrl\":\"https:\\\/\\\/adrianschvarzstein.com\\\/wp-content\\\/uploads\\\/2023\\\/09\\\/adrianschvarzstein-Il-combattimento-di-Tancredi-e-Clorinda.jpg\"},{\"@type\":\"BreadcrumbList\",\"@id\":\"https:\\\/\\\/adrianschvarzstein.com\\\/es\\\/futuros-proyectos\\\/#breadcrumb\",\"itemListElement\":[{\"@type\":\"ListItem\",\"position\":1,\"name\":\"Home\",\"item\":\"https:\\\/\\\/adrianschvarzstein.com\\\/es\\\/\"},{\"@type\":\"ListItem\",\"position\":2,\"name\":\"Futuros proyectos\"}]},{\"@type\":\"WebSite\",\"@id\":\"https:\\\/\\\/adrianschvarzstein.com\\\/#website\",\"url\":\"https:\\\/\\\/adrianschvarzstein.com\\\/\",\"name\":\"Adrian Schvarzstein\",\"description\":\"Adrian Schvarzstein es un animador-showman muy en\u00e9rgico. Tambi\u00e9n act\u00faa y canta en \u00f3peras y formaciones de m\u00fasica barroca.\",\"publisher\":{\"@id\":\"https:\\\/\\\/adrianschvarzstein.com\\\/#organization\"},\"potentialAction\":[{\"@type\":\"SearchAction\",\"target\":{\"@type\":\"EntryPoint\",\"urlTemplate\":\"https:\\\/\\\/adrianschvarzstein.com\\\/?s={search_term_string}\"},\"query-input\":{\"@type\":\"PropertyValueSpecification\",\"valueRequired\":true,\"valueName\":\"search_term_string\"}}],\"inLanguage\":\"es\"},{\"@type\":\"Organization\",\"@id\":\"https:\\\/\\\/adrianschvarzstein.com\\\/#organization\",\"name\":\"Adrian Schvarzstein\",\"url\":\"https:\\\/\\\/adrianschvarzstein.com\\\/\",\"logo\":{\"@type\":\"ImageObject\",\"inLanguage\":\"es\",\"@id\":\"https:\\\/\\\/adrianschvarzstein.com\\\/#\\\/schema\\\/logo\\\/image\\\/\",\"url\":\"https:\\\/\\\/adrianschvarzstein.com\\\/wp-content\\\/uploads\\\/2023\\\/09\\\/adrianschvarzstein-seoimage.jpg\",\"contentUrl\":\"https:\\\/\\\/adrianschvarzstein.com\\\/wp-content\\\/uploads\\\/2023\\\/09\\\/adrianschvarzstein-seoimage.jpg\",\"width\":1191,\"height\":628,\"caption\":\"Adrian Schvarzstein\"},\"image\":{\"@id\":\"https:\\\/\\\/adrianschvarzstein.com\\\/#\\\/schema\\\/logo\\\/image\\\/\"}}]}<\/script>\n<!-- \/ Yoast SEO plugin. -->","yoast_head_json":{"title":"Adrian Schvarzstein - Futuros proyectos","robots":{"index":"index","follow":"follow","max-snippet":"max-snippet:-1","max-image-preview":"max-image-preview:large","max-video-preview":"max-video-preview:-1"},"canonical":"https:\/\/adrianschvarzstein.com\/es\/futuros-proyectos\/","og_locale":"es_ES","og_type":"article","og_title":"Adrian Schvarzstein - Futuros proyectos","og_description":"Futuros proyectos Il combattimento di Tancredi e Clorinda El Ensemble Contratemps recrea el m\u00edtico estreno de la obra...","og_url":"https:\/\/adrianschvarzstein.com\/es\/futuros-proyectos\/","og_site_name":"Adrian Schvarzstein","article_modified_time":"2023-09-21T09:12:42+00:00","og_image":[{"url":"https:\/\/adrianschvarzstein.com\/wp-content\/uploads\/2023\/09\/adrianschvarzstein-Il-combattimento-di-Tancredi-e-Clorinda.jpg","type":"","width":"","height":""}],"twitter_card":"summary_large_image","twitter_misc":{"Tiempo de lectura":"2 minutos"},"schema":{"@context":"https:\/\/schema.org","@graph":[{"@type":"WebPage","@id":"https:\/\/adrianschvarzstein.com\/es\/futuros-proyectos\/","url":"https:\/\/adrianschvarzstein.com\/es\/futuros-proyectos\/","name":"Adrian Schvarzstein - Futuros proyectos","isPartOf":{"@id":"https:\/\/adrianschvarzstein.com\/#website"},"primaryImageOfPage":{"@id":"https:\/\/adrianschvarzstein.com\/es\/futuros-proyectos\/#primaryimage"},"image":{"@id":"https:\/\/adrianschvarzstein.com\/es\/futuros-proyectos\/#primaryimage"},"thumbnailUrl":"https:\/\/adrianschvarzstein.com\/wp-content\/uploads\/2023\/09\/adrianschvarzstein-Il-combattimento-di-Tancredi-e-Clorinda.jpg","datePublished":"2018-09-11T13:12:33+00:00","dateModified":"2023-09-21T09:12:42+00:00","breadcrumb":{"@id":"https:\/\/adrianschvarzstein.com\/es\/futuros-proyectos\/#breadcrumb"},"inLanguage":"es","potentialAction":[{"@type":"ReadAction","target":["https:\/\/adrianschvarzstein.com\/es\/futuros-proyectos\/"]}]},{"@type":"ImageObject","inLanguage":"es","@id":"https:\/\/adrianschvarzstein.com\/es\/futuros-proyectos\/#primaryimage","url":"https:\/\/adrianschvarzstein.com\/wp-content\/uploads\/2023\/09\/adrianschvarzstein-Il-combattimento-di-Tancredi-e-Clorinda.jpg","contentUrl":"https:\/\/adrianschvarzstein.com\/wp-content\/uploads\/2023\/09\/adrianschvarzstein-Il-combattimento-di-Tancredi-e-Clorinda.jpg"},{"@type":"BreadcrumbList","@id":"https:\/\/adrianschvarzstein.com\/es\/futuros-proyectos\/#breadcrumb","itemListElement":[{"@type":"ListItem","position":1,"name":"Home","item":"https:\/\/adrianschvarzstein.com\/es\/"},{"@type":"ListItem","position":2,"name":"Futuros proyectos"}]},{"@type":"WebSite","@id":"https:\/\/adrianschvarzstein.com\/#website","url":"https:\/\/adrianschvarzstein.com\/","name":"Adrian Schvarzstein","description":"Adrian Schvarzstein es un animador-showman muy en\u00e9rgico. Tambi\u00e9n act\u00faa y canta en \u00f3peras y formaciones de m\u00fasica barroca.","publisher":{"@id":"https:\/\/adrianschvarzstein.com\/#organization"},"potentialAction":[{"@type":"SearchAction","target":{"@type":"EntryPoint","urlTemplate":"https:\/\/adrianschvarzstein.com\/?s={search_term_string}"},"query-input":{"@type":"PropertyValueSpecification","valueRequired":true,"valueName":"search_term_string"}}],"inLanguage":"es"},{"@type":"Organization","@id":"https:\/\/adrianschvarzstein.com\/#organization","name":"Adrian Schvarzstein","url":"https:\/\/adrianschvarzstein.com\/","logo":{"@type":"ImageObject","inLanguage":"es","@id":"https:\/\/adrianschvarzstein.com\/#\/schema\/logo\/image\/","url":"https:\/\/adrianschvarzstein.com\/wp-content\/uploads\/2023\/09\/adrianschvarzstein-seoimage.jpg","contentUrl":"https:\/\/adrianschvarzstein.com\/wp-content\/uploads\/2023\/09\/adrianschvarzstein-seoimage.jpg","width":1191,"height":628,"caption":"Adrian Schvarzstein"},"image":{"@id":"https:\/\/adrianschvarzstein.com\/#\/schema\/logo\/image\/"}}]}},"_links":{"self":[{"href":"https:\/\/adrianschvarzstein.com\/es\/wp-json\/wp\/v2\/pages\/31558","targetHints":{"allow":["GET"]}}],"collection":[{"href":"https:\/\/adrianschvarzstein.com\/es\/wp-json\/wp\/v2\/pages"}],"about":[{"href":"https:\/\/adrianschvarzstein.com\/es\/wp-json\/wp\/v2\/types\/page"}],"author":[{"embeddable":true,"href":"https:\/\/adrianschvarzstein.com\/es\/wp-json\/wp\/v2\/users\/1"}],"replies":[{"embeddable":true,"href":"https:\/\/adrianschvarzstein.com\/es\/wp-json\/wp\/v2\/comments?post=31558"}],"version-history":[{"count":2,"href":"https:\/\/adrianschvarzstein.com\/es\/wp-json\/wp\/v2\/pages\/31558\/revisions"}],"predecessor-version":[{"id":31991,"href":"https:\/\/adrianschvarzstein.com\/es\/wp-json\/wp\/v2\/pages\/31558\/revisions\/31991"}],"wp:attachment":[{"href":"https:\/\/adrianschvarzstein.com\/es\/wp-json\/wp\/v2\/media?parent=31558"}],"curies":[{"name":"wp","href":"https:\/\/api.w.org\/{rel}","templated":true}]}}