{"id":31501,"date":"2018-09-11T15:05:34","date_gmt":"2018-09-11T13:05:34","guid":{"rendered":"https:\/\/adrianschvarzstein.com\/about-me\/"},"modified":"2023-09-26T18:19:28","modified_gmt":"2023-09-26T16:19:28","slug":"sobre-mi","status":"publish","type":"page","link":"https:\/\/adrianschvarzstein.com\/es\/sobre-mi\/","title":{"rendered":"Sobre m\u00ed"},"content":{"rendered":"\t\t<div data-elementor-type=\"wp-post\" data-elementor-id=\"31501\" class=\"elementor elementor-31501 elementor-17\">\n\t\t\t\t\t\t<section class=\"elementor-section elementor-top-section elementor-element elementor-element-66c7983 elementor-section-full_width elementor-section-height-min-height elementor-section-items-stretch elementor-section-height-default neuron-fixed-no\" data-id=\"66c7983\" data-element_type=\"section\" data-e-type=\"section\">\n\t\t\t\t\t\t<div class=\"elementor-container elementor-column-gap-no\">\n\t\t\t\t\t<div class=\"elementor-column elementor-col-50 elementor-top-column elementor-element elementor-element-e64bfc3\" data-id=\"e64bfc3\" data-element_type=\"column\" data-e-type=\"column\" data-settings=\"{&quot;background_background&quot;:&quot;classic&quot;}\">\n\t\t\t<div class=\"elementor-widget-wrap elementor-element-populated\">\n\t\t\t\t\t<div class=\"elementor-background-overlay\"><\/div>\n\t\t\t\t\t\t<div class=\"elementor-element elementor-element-81c77a6 elementor-widget elementor-widget-spacer\" data-id=\"81c77a6\" data-element_type=\"widget\" data-e-type=\"widget\" data-widget_type=\"spacer.default\">\n\t\t\t\t<div class=\"elementor-widget-container\">\n\t\t\t\t\t\t\t<div class=\"elementor-spacer\">\n\t\t\t<div class=\"elementor-spacer-inner\"><\/div>\n\t\t<\/div>\n\t\t\t\t\t\t<\/div>\n\t\t\t\t<\/div>\n\t\t\t\t\t<\/div>\n\t\t<\/div>\n\t\t\t\t<div class=\"elementor-column elementor-col-50 elementor-top-column elementor-element elementor-element-306ee07\" data-id=\"306ee07\" data-element_type=\"column\" data-e-type=\"column\">\n\t\t\t<div class=\"elementor-widget-wrap elementor-element-populated\">\n\t\t\t\t\t\t<section class=\"elementor-section elementor-inner-section elementor-element elementor-element-3485ebb elementor-section-boxed elementor-section-height-default elementor-section-height-default neuron-fixed-no\" data-id=\"3485ebb\" data-element_type=\"section\" data-e-type=\"section\">\n\t\t\t\t\t\t<div class=\"elementor-container elementor-column-gap-default\">\n\t\t\t\t\t<div class=\"elementor-column elementor-col-100 elementor-inner-column elementor-element elementor-element-fbb3aeb\" data-id=\"fbb3aeb\" data-element_type=\"column\" data-e-type=\"column\">\n\t\t\t<div class=\"elementor-widget-wrap elementor-element-populated\">\n\t\t\t\t\t\t<div class=\"elementor-element elementor-element-6e63bc1 elementor-widget elementor-widget-heading\" data-id=\"6e63bc1\" data-element_type=\"widget\" data-e-type=\"widget\" data-widget_type=\"heading.default\">\n\t\t\t\t<div class=\"elementor-widget-container\">\n\t\t\t\t\t<h1 class=\"elementor-heading-title elementor-size-default\">Sobre m\u00ed<\/h1>\t\t\t\t<\/div>\n\t\t\t\t<\/div>\n\t\t\t\t<div class=\"elementor-element elementor-element-a0c56c0 elementor-widget elementor-widget-text-editor\" data-id=\"a0c56c0\" data-element_type=\"widget\" data-e-type=\"widget\" data-widget_type=\"text-editor.default\">\n\t\t\t\t<div class=\"elementor-widget-container\">\n\t\t\t\t\t\t\t\t\t<p>Viviendo en BARCELONA, soy una mezcla de varias nacionalidades cuya formaci\u00f3n tuvo lugar en toda Europa. Me paso la vida acumulando \u00e1vidamente experiencias; siendo actor, director de escena de m\u00fasica y \u00f3pera, trabajando en circo y teatro de calle. <br>Me encanta reunir diferentes disciplinas art\u00edsticas en un solo espect\u00e1culo, creando con maravillosos colegas todo tipo de experiencias art\u00edsticas llenas de energ\u00eda.<\/p>\n<p>Despu\u00e9s de una fruct\u00edfera experiencia con el circo belga Ronaldo, cre\u00e9 Circus Klezmer, que ha estado de gira durante 12 a\u00f1os.<br>Teatro de calle como El hombre verde, La cama, Dans y ARRIVED o\u00bb Sweet Home sobre ruedas\u00bb est\u00e1n de gira durante todo el a\u00f1o. Y es con el teatro KAMCHATKA que los emigrantes, se convirtieron en uno de nuestros temas principales. <br>Gracias a LE TENDRE AMOUR se me abri\u00f3 la escena de la m\u00fasica antigua.<br>Recientemente, estuve dirigiendo \u00f3peras de Mozart y estoy involucrado con ART HOUSE17 de GRAZ en muchos proyectos de diferente \u00edndole.<\/p>\n<p>Con un objetivo muy importante: hacer del espectador un participante muy activo.<\/p>\n<p>\u00a1Caos, sorpresa y provocaci\u00f3n inocente son solo algunos de los secretos que us\u00e9 para triunfar en teatro y festivales en m\u00e1s de 70 pa\u00edses!<\/p>\t\t\t\t\t\t\t\t<\/div>\n\t\t\t\t<\/div>\n\t\t\t\t\t<\/div>\n\t\t<\/div>\n\t\t\t\t\t<\/div>\n\t\t<\/section>\n\t\t\t\t\t<\/div>\n\t\t<\/div>\n\t\t\t\t\t<\/div>\n\t\t<\/section>\n\t\t\t\t<\/div>\n\t\t","protected":false},"excerpt":{"rendered":"<p>Sobre m\u00ed Viviendo en BARCELONA, soy una mezcla de varias nacionalidades cuya formaci\u00f3n tuvo lugar en toda Europa&#8230;.<\/p>\n","protected":false},"author":1,"featured_media":0,"parent":0,"menu_order":60,"comment_status":"closed","ping_status":"closed","template":"","meta":{"_acf_changed":false,"footnotes":""},"class_list":["post-31501","page","type-page","status-publish","hentry"],"acf":[],"yoast_head":"<!-- This site is optimized with the Yoast SEO plugin v27.4 - https:\/\/yoast.com\/product\/yoast-seo-wordpress\/ -->\n<title>Adrian Schvarzstein - Sobre m\u00ed<\/title>\n<meta name=\"robots\" content=\"index, follow, max-snippet:-1, max-image-preview:large, max-video-preview:-1\" \/>\n<link rel=\"canonical\" href=\"https:\/\/adrianschvarzstein.com\/es\/sobre-mi\/\" \/>\n<meta property=\"og:locale\" content=\"es_ES\" \/>\n<meta property=\"og:type\" content=\"article\" \/>\n<meta property=\"og:title\" content=\"Adrian Schvarzstein - Sobre m\u00ed\" \/>\n<meta property=\"og:description\" content=\"Sobre m\u00ed Viviendo en BARCELONA, soy una mezcla de varias nacionalidades cuya formaci\u00f3n tuvo lugar en toda Europa....\" \/>\n<meta property=\"og:url\" content=\"https:\/\/adrianschvarzstein.com\/es\/sobre-mi\/\" \/>\n<meta property=\"og:site_name\" content=\"Adrian Schvarzstein\" \/>\n<meta property=\"article:modified_time\" content=\"2023-09-26T16:19:28+00:00\" \/>\n<meta property=\"og:image\" content=\"https:\/\/adrianschvarzstein.com\/wp-content\/uploads\/2023\/09\/adrianschvarzstein-seoimage.jpg\" \/>\n\t<meta property=\"og:image:width\" content=\"1191\" \/>\n\t<meta property=\"og:image:height\" content=\"628\" \/>\n\t<meta property=\"og:image:type\" content=\"image\/jpeg\" \/>\n<meta name=\"twitter:card\" content=\"summary_large_image\" \/>\n<meta name=\"twitter:label1\" content=\"Tiempo de lectura\" \/>\n\t<meta name=\"twitter:data1\" content=\"1 minuto\" \/>\n<script type=\"application\/ld+json\" class=\"yoast-schema-graph\">{\"@context\":\"https:\\\/\\\/schema.org\",\"@graph\":[{\"@type\":\"WebPage\",\"@id\":\"https:\\\/\\\/adrianschvarzstein.com\\\/es\\\/sobre-mi\\\/\",\"url\":\"https:\\\/\\\/adrianschvarzstein.com\\\/es\\\/sobre-mi\\\/\",\"name\":\"Adrian Schvarzstein - Sobre m\u00ed\",\"isPartOf\":{\"@id\":\"https:\\\/\\\/adrianschvarzstein.com\\\/#website\"},\"datePublished\":\"2018-09-11T13:05:34+00:00\",\"dateModified\":\"2023-09-26T16:19:28+00:00\",\"breadcrumb\":{\"@id\":\"https:\\\/\\\/adrianschvarzstein.com\\\/es\\\/sobre-mi\\\/#breadcrumb\"},\"inLanguage\":\"es\",\"potentialAction\":[{\"@type\":\"ReadAction\",\"target\":[\"https:\\\/\\\/adrianschvarzstein.com\\\/es\\\/sobre-mi\\\/\"]}]},{\"@type\":\"BreadcrumbList\",\"@id\":\"https:\\\/\\\/adrianschvarzstein.com\\\/es\\\/sobre-mi\\\/#breadcrumb\",\"itemListElement\":[{\"@type\":\"ListItem\",\"position\":1,\"name\":\"Home\",\"item\":\"https:\\\/\\\/adrianschvarzstein.com\\\/es\\\/\"},{\"@type\":\"ListItem\",\"position\":2,\"name\":\"Sobre m\u00ed\"}]},{\"@type\":\"WebSite\",\"@id\":\"https:\\\/\\\/adrianschvarzstein.com\\\/#website\",\"url\":\"https:\\\/\\\/adrianschvarzstein.com\\\/\",\"name\":\"Adrian Schvarzstein\",\"description\":\"Adrian Schvarzstein es un animador-showman muy en\u00e9rgico. Tambi\u00e9n act\u00faa y canta en \u00f3peras y formaciones de m\u00fasica barroca.\",\"publisher\":{\"@id\":\"https:\\\/\\\/adrianschvarzstein.com\\\/#organization\"},\"potentialAction\":[{\"@type\":\"SearchAction\",\"target\":{\"@type\":\"EntryPoint\",\"urlTemplate\":\"https:\\\/\\\/adrianschvarzstein.com\\\/?s={search_term_string}\"},\"query-input\":{\"@type\":\"PropertyValueSpecification\",\"valueRequired\":true,\"valueName\":\"search_term_string\"}}],\"inLanguage\":\"es\"},{\"@type\":\"Organization\",\"@id\":\"https:\\\/\\\/adrianschvarzstein.com\\\/#organization\",\"name\":\"Adrian Schvarzstein\",\"url\":\"https:\\\/\\\/adrianschvarzstein.com\\\/\",\"logo\":{\"@type\":\"ImageObject\",\"inLanguage\":\"es\",\"@id\":\"https:\\\/\\\/adrianschvarzstein.com\\\/#\\\/schema\\\/logo\\\/image\\\/\",\"url\":\"https:\\\/\\\/adrianschvarzstein.com\\\/wp-content\\\/uploads\\\/2023\\\/09\\\/adrianschvarzstein-seoimage.jpg\",\"contentUrl\":\"https:\\\/\\\/adrianschvarzstein.com\\\/wp-content\\\/uploads\\\/2023\\\/09\\\/adrianschvarzstein-seoimage.jpg\",\"width\":1191,\"height\":628,\"caption\":\"Adrian Schvarzstein\"},\"image\":{\"@id\":\"https:\\\/\\\/adrianschvarzstein.com\\\/#\\\/schema\\\/logo\\\/image\\\/\"}}]}<\/script>\n<!-- \/ Yoast SEO plugin. -->","yoast_head_json":{"title":"Adrian Schvarzstein - Sobre m\u00ed","robots":{"index":"index","follow":"follow","max-snippet":"max-snippet:-1","max-image-preview":"max-image-preview:large","max-video-preview":"max-video-preview:-1"},"canonical":"https:\/\/adrianschvarzstein.com\/es\/sobre-mi\/","og_locale":"es_ES","og_type":"article","og_title":"Adrian Schvarzstein - Sobre m\u00ed","og_description":"Sobre m\u00ed Viviendo en BARCELONA, soy una mezcla de varias nacionalidades cuya formaci\u00f3n tuvo lugar en toda Europa....","og_url":"https:\/\/adrianschvarzstein.com\/es\/sobre-mi\/","og_site_name":"Adrian Schvarzstein","article_modified_time":"2023-09-26T16:19:28+00:00","og_image":[{"width":1191,"height":628,"url":"https:\/\/adrianschvarzstein.com\/wp-content\/uploads\/2023\/09\/adrianschvarzstein-seoimage.jpg","type":"image\/jpeg"}],"twitter_card":"summary_large_image","twitter_misc":{"Tiempo de lectura":"1 minuto"},"schema":{"@context":"https:\/\/schema.org","@graph":[{"@type":"WebPage","@id":"https:\/\/adrianschvarzstein.com\/es\/sobre-mi\/","url":"https:\/\/adrianschvarzstein.com\/es\/sobre-mi\/","name":"Adrian Schvarzstein - Sobre m\u00ed","isPartOf":{"@id":"https:\/\/adrianschvarzstein.com\/#website"},"datePublished":"2018-09-11T13:05:34+00:00","dateModified":"2023-09-26T16:19:28+00:00","breadcrumb":{"@id":"https:\/\/adrianschvarzstein.com\/es\/sobre-mi\/#breadcrumb"},"inLanguage":"es","potentialAction":[{"@type":"ReadAction","target":["https:\/\/adrianschvarzstein.com\/es\/sobre-mi\/"]}]},{"@type":"BreadcrumbList","@id":"https:\/\/adrianschvarzstein.com\/es\/sobre-mi\/#breadcrumb","itemListElement":[{"@type":"ListItem","position":1,"name":"Home","item":"https:\/\/adrianschvarzstein.com\/es\/"},{"@type":"ListItem","position":2,"name":"Sobre m\u00ed"}]},{"@type":"WebSite","@id":"https:\/\/adrianschvarzstein.com\/#website","url":"https:\/\/adrianschvarzstein.com\/","name":"Adrian Schvarzstein","description":"Adrian Schvarzstein es un animador-showman muy en\u00e9rgico. Tambi\u00e9n act\u00faa y canta en \u00f3peras y formaciones de m\u00fasica barroca.","publisher":{"@id":"https:\/\/adrianschvarzstein.com\/#organization"},"potentialAction":[{"@type":"SearchAction","target":{"@type":"EntryPoint","urlTemplate":"https:\/\/adrianschvarzstein.com\/?s={search_term_string}"},"query-input":{"@type":"PropertyValueSpecification","valueRequired":true,"valueName":"search_term_string"}}],"inLanguage":"es"},{"@type":"Organization","@id":"https:\/\/adrianschvarzstein.com\/#organization","name":"Adrian Schvarzstein","url":"https:\/\/adrianschvarzstein.com\/","logo":{"@type":"ImageObject","inLanguage":"es","@id":"https:\/\/adrianschvarzstein.com\/#\/schema\/logo\/image\/","url":"https:\/\/adrianschvarzstein.com\/wp-content\/uploads\/2023\/09\/adrianschvarzstein-seoimage.jpg","contentUrl":"https:\/\/adrianschvarzstein.com\/wp-content\/uploads\/2023\/09\/adrianschvarzstein-seoimage.jpg","width":1191,"height":628,"caption":"Adrian Schvarzstein"},"image":{"@id":"https:\/\/adrianschvarzstein.com\/#\/schema\/logo\/image\/"}}]}},"_links":{"self":[{"href":"https:\/\/adrianschvarzstein.com\/es\/wp-json\/wp\/v2\/pages\/31501","targetHints":{"allow":["GET"]}}],"collection":[{"href":"https:\/\/adrianschvarzstein.com\/es\/wp-json\/wp\/v2\/pages"}],"about":[{"href":"https:\/\/adrianschvarzstein.com\/es\/wp-json\/wp\/v2\/types\/page"}],"author":[{"embeddable":true,"href":"https:\/\/adrianschvarzstein.com\/es\/wp-json\/wp\/v2\/users\/1"}],"replies":[{"embeddable":true,"href":"https:\/\/adrianschvarzstein.com\/es\/wp-json\/wp\/v2\/comments?post=31501"}],"version-history":[{"count":3,"href":"https:\/\/adrianschvarzstein.com\/es\/wp-json\/wp\/v2\/pages\/31501\/revisions"}],"predecessor-version":[{"id":32054,"href":"https:\/\/adrianschvarzstein.com\/es\/wp-json\/wp\/v2\/pages\/31501\/revisions\/32054"}],"wp:attachment":[{"href":"https:\/\/adrianschvarzstein.com\/es\/wp-json\/wp\/v2\/media?parent=31501"}],"curies":[{"name":"wp","href":"https:\/\/api.w.org\/{rel}","templated":true}]}}